{"id":906,"date":"2014-08-04T18:01:35","date_gmt":"2014-08-04T16:01:35","guid":{"rendered":"http:\/\/accrodjazz.fr\/WordPress3\/?page_id=906"},"modified":"2026-01-31T12:14:10","modified_gmt":"2026-01-31T11:14:10","slug":"accrodjazz-recrute","status":"publish","type":"page","link":"http:\/\/accrodjazz.fr\/WordPress3\/accrodjazz-recrute\/","title":{"rendered":"Accro d&rsquo;Jazz recrute"},"content":{"rendered":"<div style=\"background-repeat: no-repeat;\">\n<figure class=\"wp-block-table\"><table><tbody><tr><td><a href=\"http:\/\/accrodjazz.fr\/WordPress3\/wp-content\/uploads\/2014\/08\/E2R1.jpg\"><img decoding=\"async\" loading=\"lazy\" class=\"alignnone wp-image-910\" src=\"http:\/\/accrodjazz.fr\/WordPress3\/wp-content\/uploads\/2014\/08\/E2R1-300x225.jpg\" alt=\"E2R1\" width=\"210\" height=\"158\" srcset=\"http:\/\/accrodjazz.fr\/WordPress3\/wp-content\/uploads\/2014\/08\/E2R1-300x225.jpg 300w, http:\/\/accrodjazz.fr\/WordPress3\/wp-content\/uploads\/2014\/08\/E2R1-1024x768.jpg 1024w\" sizes=\"(max-width: 210px) 100vw, 210px\" \/><\/a><\/td><td>&nbsp;<a href=\"http:\/\/accrodjazz.fr\/WordPress3\/wp-content\/uploads\/2014\/08\/E2R7.jpg\"><img decoding=\"async\" loading=\"lazy\" class=\"alignnone wp-image-915\" src=\"http:\/\/accrodjazz.fr\/WordPress3\/wp-content\/uploads\/2014\/08\/E2R7-300x225.jpg\" alt=\"E2R7\" width=\"210\" height=\"158\" srcset=\"http:\/\/accrodjazz.fr\/WordPress3\/wp-content\/uploads\/2014\/08\/E2R7-300x225.jpg 300w, http:\/\/accrodjazz.fr\/WordPress3\/wp-content\/uploads\/2014\/08\/E2R7-1024x768.jpg 1024w, http:\/\/accrodjazz.fr\/WordPress3\/wp-content\/uploads\/2014\/08\/E2R7.jpg 1600w\" sizes=\"(max-width: 210px) 100vw, 210px\" \/><\/a><\/td><\/tr><\/tbody><\/table><\/figure>\n\n\n\n<p><span style=\"font-size: 12px\">Qu\u2019est-ce qui fait que la mayonnaise prenne dans un groupe&nbsp;? Un bon chef est essentiel, il apporte \u00e9norm\u00e9ment au groupe&nbsp;: son \u00e9nergie in\u00e9puisable, son temps et son savoir faire musical et humain. Puis il faut de bons ingr\u00e9dients. Accro d\u2019Jazz, par sa petite taille, peut se permettre un recrutement s\u00e9lectif. Nous travaillons donc avec des pupitres \u00e9quilibr\u00e9s et des voix harmonieuses. Mais aussi important, il y a un bel esprit d\u2019\u00e9quipe, beaucoup de bonnes volont\u00e9s pour aider dans les taches qui incombent \u00e0 une association musicale et une \u00e9nergie contagieuse qui \u00e9mane de nos concerts et spectacles.<\/span><\/p>\n\n\n\n<p><span style=\"font-size: 16px;color: #0000ff\"><strong>Actuellement Accro d&rsquo;Jazz recrute :<br>\u00a0tous pupitres : une soprane, une alto, un t\u00e9nor, des basses<\/strong><\/span><\/p>\n\n\n\n<p>Contactez-nous par e-mail : groupevocal@accrodjazz.fr <span style=\"font-size: 12px\"><br><\/span><\/p>\n\n\n\n<figure class=\"wp-block-image\"><a href=\"http:\/\/accrodjazz.fr\/WordPress3\/wp-content\/uploads\/2014\/08\/Partition04.jpg\"><img decoding=\"async\" loading=\"lazy\" width=\"300\" height=\"224\" src=\"http:\/\/accrodjazz.fr\/WordPress3\/wp-content\/uploads\/2014\/08\/Partition04-300x224.jpg\" alt=\"Partition04\" class=\"wp-image-913\" srcset=\"http:\/\/accrodjazz.fr\/WordPress3\/wp-content\/uploads\/2014\/08\/Partition04-300x224.jpg 300w, http:\/\/accrodjazz.fr\/WordPress3\/wp-content\/uploads\/2014\/08\/Partition04-1024x768.jpg 1024w\" sizes=\"(max-width: 300px) 100vw, 300px\" \/><\/a><\/figure>\n\n\n\n<p class=\"has-text-align-right\">\u00a0<span style=\"line-height: 1.5\">\u00a0<\/span><em>Mise \u00e0 jour janvier 2026<\/em><\/p>\n<\/div>","protected":false},"excerpt":{"rendered":"<p>&nbsp; Qu\u2019est-ce qui fait que la mayonnaise prenne dans un groupe&nbsp;? Un bon chef est essentiel, il apporte \u00e9norm\u00e9ment au groupe&nbsp;: son \u00e9nergie in\u00e9puisable, son temps et son savoir faire musical et humain. Puis il faut de bons ingr\u00e9dients. Accro d\u2019Jazz, par sa petite taille, peut se permettre un recrutement s\u00e9lectif. Nous travaillons donc avec &hellip; <a href=\"http:\/\/accrodjazz.fr\/WordPress3\/accrodjazz-recrute\/\" class=\"more-link\">Continuer la lecture de <span class=\"screen-reader-text\">Accro d&rsquo;Jazz recrute<\/span> <span class=\"meta-nav\">&rarr;<\/span><\/a><\/p>\n","protected":false},"author":1,"featured_media":0,"parent":0,"menu_order":0,"comment_status":"closed","ping_status":"closed","template":"","meta":[],"aioseo_notices":[],"_links":{"self":[{"href":"http:\/\/accrodjazz.fr\/WordPress3\/wp-json\/wp\/v2\/pages\/906"}],"collection":[{"href":"http:\/\/accrodjazz.fr\/WordPress3\/wp-json\/wp\/v2\/pages"}],"about":[{"href":"http:\/\/accrodjazz.fr\/WordPress3\/wp-json\/wp\/v2\/types\/page"}],"author":[{"embeddable":true,"href":"http:\/\/accrodjazz.fr\/WordPress3\/wp-json\/wp\/v2\/users\/1"}],"replies":[{"embeddable":true,"href":"http:\/\/accrodjazz.fr\/WordPress3\/wp-json\/wp\/v2\/comments?post=906"}],"version-history":[{"count":31,"href":"http:\/\/accrodjazz.fr\/WordPress3\/wp-json\/wp\/v2\/pages\/906\/revisions"}],"predecessor-version":[{"id":3983,"href":"http:\/\/accrodjazz.fr\/WordPress3\/wp-json\/wp\/v2\/pages\/906\/revisions\/3983"}],"wp:attachment":[{"href":"http:\/\/accrodjazz.fr\/WordPress3\/wp-json\/wp\/v2\/media?parent=906"}],"curies":[{"name":"wp","href":"https:\/\/api.w.org\/{rel}","templated":true}]}}