{"id":546,"date":"2014-07-27T12:43:35","date_gmt":"2014-07-27T10:43:35","guid":{"rendered":"http:\/\/accrodjazz.fr\/WordPress3\/?page_id=546"},"modified":"2026-04-08T15:05:23","modified_gmt":"2026-04-08T13:05:23","slug":"prochains-concerts","status":"publish","type":"page","link":"http:\/\/accrodjazz.fr\/WordPress3\/prochains-concerts\/","title":{"rendered":"Prochains concerts"},"content":{"rendered":"<div style=\"background-repeat: no-repeat;\">\n<p><span style=\"font-size: 16px\">A noter dans votre agenda&nbsp;<\/span><\/p>\n\n\n\n<h2 class=\"wp-block-heading\">&nbsp;<strong>Nostal&rsquo;Jazz, le 11 avril 2026 \u00e0 17h30<\/strong> <\/h2>\n\n\n\n<p><br>A l&rsquo;Atrium 81 rue des Bon Raisins \u00e0 Rueil-Malmaison<br>Accro d&rsquo;Jazz f\u00eate ses 25 ans avec un concert mis en espace \u00e0 l&rsquo;Atrium <br>Accompagn\u00e9 d&rsquo;un trio jazz.<br>Billetterie sur HelloAsso &#8211; <a href=\"https:\/\/www.helloasso.com\/associations\/accro-d-jazz\/evenements\/billeterie-concert-des-25-ans\" target=\"_blank\" rel=\"noopener\" title=\"\">cliquez ici<\/a><br><\/p>\n\n\n\n<h2 class=\"wp-block-heading\">F\u00eate de la musique<\/h2>\n\n\n\n<p><strong>Le dimanche 21 juin<\/strong>, \u00e0 17h au Libris Caf\u00e9 \u00e0 la M\u00e9diath\u00e8que de Rueil-Malmaison<\/p>\n\n\n\n<h2 class=\"wp-block-heading\">Voix sur Berges<\/h2>\n\n\n\n<p><strong><strong><strong>Le dimanche 28 juin, Paris 10e<\/strong><br><\/strong><\/strong>Passez un apr\u00e8s-midi de r\u00eave de m\u00e9lomane avec cette manifestation annuelle le long du Canal Saint Martin, Paris 10e. 200 chorales, c&rsquo;est \u00e0 dire autour de 6500 chanteurs, y participent, tous styles de musique. Retrouvez tout le programme en cliquant <a href=\"https:\/\/www.voixsurberges.com\">ici<\/a>.<\/p>\n\n\n\n<p><\/p>\n\n\n\n<figure class=\"wp-block-table\"><table><tbody><tr><td><\/td><\/tr><tr><td><\/td><\/tr><tr><td>&nbsp;<\/td><\/tr><\/tbody><\/table><\/figure>\n<\/div>","protected":false},"excerpt":{"rendered":"<p>A noter dans votre agenda&nbsp; &nbsp;Nostal&rsquo;Jazz, le 11 avril 2026 \u00e0 17h30 A l&rsquo;Atrium 81 rue des Bon Raisins \u00e0 Rueil-MalmaisonAccro d&rsquo;Jazz f\u00eate ses 25 ans avec un concert mis en espace \u00e0 l&rsquo;Atrium Accompagn\u00e9 d&rsquo;un trio jazz.Billetterie sur HelloAsso &#8211; cliquez ici F\u00eate de la musique Le dimanche 21 juin, \u00e0 17h au Libris &hellip; <a href=\"http:\/\/accrodjazz.fr\/WordPress3\/prochains-concerts\/\" class=\"more-link\">Continuer la lecture de <span class=\"screen-reader-text\">Prochains concerts<\/span> <span class=\"meta-nav\">&rarr;<\/span><\/a><\/p>\n","protected":false},"author":1,"featured_media":0,"parent":0,"menu_order":0,"comment_status":"closed","ping_status":"closed","template":"","meta":[],"aioseo_notices":[],"_links":{"self":[{"href":"http:\/\/accrodjazz.fr\/WordPress3\/wp-json\/wp\/v2\/pages\/546"}],"collection":[{"href":"http:\/\/accrodjazz.fr\/WordPress3\/wp-json\/wp\/v2\/pages"}],"about":[{"href":"http:\/\/accrodjazz.fr\/WordPress3\/wp-json\/wp\/v2\/types\/page"}],"author":[{"embeddable":true,"href":"http:\/\/accrodjazz.fr\/WordPress3\/wp-json\/wp\/v2\/users\/1"}],"replies":[{"embeddable":true,"href":"http:\/\/accrodjazz.fr\/WordPress3\/wp-json\/wp\/v2\/comments?post=546"}],"version-history":[{"count":199,"href":"http:\/\/accrodjazz.fr\/WordPress3\/wp-json\/wp\/v2\/pages\/546\/revisions"}],"predecessor-version":[{"id":4009,"href":"http:\/\/accrodjazz.fr\/WordPress3\/wp-json\/wp\/v2\/pages\/546\/revisions\/4009"}],"wp:attachment":[{"href":"http:\/\/accrodjazz.fr\/WordPress3\/wp-json\/wp\/v2\/media?parent=546"}],"curies":[{"name":"wp","href":"https:\/\/api.w.org\/{rel}","templated":true}]}}