{"id":48,"date":"2014-01-07T21:56:00","date_gmt":"2014-01-07T20:56:00","guid":{"rendered":"http:\/\/accrodjazz.fr\/WordPress3\/?page_id=48"},"modified":"2026-04-05T16:38:39","modified_gmt":"2026-04-05T14:38:39","slug":"accueil","status":"publish","type":"page","link":"http:\/\/accrodjazz.fr\/WordPress3\/","title":{"rendered":"Accueil"},"content":{"rendered":"<div style=\"background-image: url('http:\/\/accrodjazz.fr\/WordPress3\/wp-content\/uploads\/2014\/08\/image-fond-bulles-4.jpg');background-repeat: repeat;\">\n<h5 class=\"wp-block-heading\">Accro d&rsquo;Jazz est un groupe vocal d&rsquo;amateurs passionn\u00e9s de Jazz et de Swing. Nous r\u00e9p\u00e9tons tous les jeudis \u00e0 Rueil-Malmaison dans le 92. Nous nous produisons plusieurs fois par an lors de concerts chant\u00e9s par coeur. <\/h5>\n\n\n<div class=\"wp-block-image\">\n<figure class=\"aligncenter size-full is-resized\"><a href=\"https:\/\/accrodjazz.fr\/WordPress3\/wp-content\/uploads\/2026\/02\/NostalJazz-25-flyer-petit200k.png\"><img decoding=\"async\" loading=\"lazy\" src=\"https:\/\/accrodjazz.fr\/WordPress3\/wp-content\/uploads\/2026\/02\/NostalJazz-25-flyer-petit200k.png\" alt=\"\" class=\"wp-image-3984\" width=\"290\" height=\"410\" srcset=\"http:\/\/accrodjazz.fr\/WordPress3\/wp-content\/uploads\/2026\/02\/NostalJazz-25-flyer-petit200k.png 452w, http:\/\/accrodjazz.fr\/WordPress3\/wp-content\/uploads\/2026\/02\/NostalJazz-25-flyer-petit200k-212x300.png 212w\" sizes=\"(max-width: 290px) 100vw, 290px\" \/><\/a><\/figure><\/div>\n\n\n<h2 class=\"wp-block-heading has-text-align-center\">ACCRO d&rsquo;JAZZ f\u00eate ses 25 ANS<br>avec son nouveau concert<br>NOSTAL&rsquo;JAZZ<\/h2>\n\n\n\n<p class=\"has-text-align-center\">R\u00e9servations sur HelloAsso<br><a href=\"https:\/\/www.helloasso.com\/associations\/accro-d-jazz\/evenements\/billeterie-concert-des-25-ans\" target=\"_blank\" rel=\"noreferrer noopener\">Cliquez sur ce lien pour acc\u00e9der \u00e0 la billetterie<\/a><\/p>\n\n\n\n<p class=\"has-text-align-center\">Le <strong>samedi, 11 avril \u00e0 17h30<\/strong> \u00e0 l&rsquo;Atrium, 81 rue des Bons Raisins \u00e0 Rueil<br>Direction : Marie-Elisabeth Floquet<br>et \u00e9galement <br>Patricia Boillot, fondatrice et cheffe de 2001 \u00e0 2017<br>Paul Anquez, chef de 2017 \u00e0 2021<br>Tom Rinaudo, chef de 2021 \u00e0 2022<br><\/p>\n\n\n\n<p class=\"has-text-align-center\">Venez vivre un moment jazzy et joyeux ! <br>Au programme : des standards am\u00e9ricains de Duke Ellington et Georges Gershwin et du jazz fran\u00e7ais de Henri Salvador, Thierry Lalo et Mimi Perrin, et d&rsquo;autres encore, accompagn\u00e9 par un trio jazz avec Laurent Epstein au piano, Michel Costandi \u00e0 la contrebasse et Fran\u00e7ois Laudet \u00e0 la batterie. Avec une mise en espace empreinte de nostalgie autour de l&rsquo;\u00e9volution du groupe.<\/p>\n\n\n\n<p class=\"has-text-align-center\"><\/p>\n\n\n<div class=\"wp-block-image\">\n<figure class=\"aligncenter size-large\"><a href=\"https:\/\/accrodjazz.fr\/WordPress3\/wp-content\/uploads\/2026\/02\/25-2MackTheKnife-Web.jpg\"><img decoding=\"async\" loading=\"lazy\" width=\"1024\" height=\"614\" src=\"https:\/\/accrodjazz.fr\/WordPress3\/wp-content\/uploads\/2026\/02\/25-2MackTheKnife-Web-1024x614.jpg\" alt=\"\" class=\"wp-image-3990\" srcset=\"http:\/\/accrodjazz.fr\/WordPress3\/wp-content\/uploads\/2026\/02\/25-2MackTheKnife-Web-1024x614.jpg 1024w, http:\/\/accrodjazz.fr\/WordPress3\/wp-content\/uploads\/2026\/02\/25-2MackTheKnife-Web-300x180.jpg 300w, http:\/\/accrodjazz.fr\/WordPress3\/wp-content\/uploads\/2026\/02\/25-2MackTheKnife-Web-768x461.jpg 768w, http:\/\/accrodjazz.fr\/WordPress3\/wp-content\/uploads\/2026\/02\/25-2MackTheKnife-Web-1536x922.jpg 1536w, http:\/\/accrodjazz.fr\/WordPress3\/wp-content\/uploads\/2026\/02\/25-2MackTheKnife-Web.jpg 2000w\" sizes=\"(max-width: 1024px) 100vw, 1024px\" \/><\/a><\/figure><\/div>\n\n\n<h2 class=\"wp-block-heading has-text-align-center\"><\/h2>\n\n\n\n<h2 class=\"wp-block-heading has-text-align-center\"><span style=\"color: #0000ff\"> <\/span><br><span style=\"color: #0000ff\">Rencontrez notre cheffe : Marie-Elisabeth Floquet<\/span><\/h2>\n\n\n<div class=\"wp-block-image\">\n<figure class=\"alignleft\"><a href=\"http:\/\/accrodjazz.fr\/WordPress3\/wp-content\/uploads\/2023\/01\/Marie-Elisabeth-Floquet-web.jpg\"><img decoding=\"async\" loading=\"lazy\" width=\"169\" height=\"300\" src=\"http:\/\/accrodjazz.fr\/WordPress3\/wp-content\/uploads\/2023\/01\/Marie-Elisabeth-Floquet-web-169x300.jpg\" alt=\"\" class=\"wp-image-3710\" srcset=\"http:\/\/accrodjazz.fr\/WordPress3\/wp-content\/uploads\/2023\/01\/Marie-Elisabeth-Floquet-web-169x300.jpg 169w, http:\/\/accrodjazz.fr\/WordPress3\/wp-content\/uploads\/2023\/01\/Marie-Elisabeth-Floquet-web-768x1366.jpg 768w, http:\/\/accrodjazz.fr\/WordPress3\/wp-content\/uploads\/2023\/01\/Marie-Elisabeth-Floquet-web-576x1024.jpg 576w, http:\/\/accrodjazz.fr\/WordPress3\/wp-content\/uploads\/2023\/01\/Marie-Elisabeth-Floquet-web.jpg 1000w\" sizes=\"(max-width: 169px) 100vw, 169px\" \/><\/a><\/figure><\/div>\n\n\n<p>Des Petits Chanteurs \u00e0 la Croix de Bois \u00e0 la Ma\u00eetrise d\u2019Argenteuil, de Camerata Saint-Louis aux Voice Messengers, Marie-\u00c9lisabeth Floquet collabore depuis le d\u00e9but de sa carri\u00e8re avec des musiciens et des ensembles vocaux de renom. Chanteuse, chef de ch\u0153ur, p\u00e9dagogue, elle est \u00e0 l\u2019aise dans des r\u00e9pertoires vari\u00e9s.&nbsp;Les ch\u0153urs d\u2019enfants et le jazz sont ses sp\u00e9cialit\u00e9s.<\/p>\n\n\n\n<p>Apr\u00e8s avoir travaill\u00e9 longtemps au conservatoire d\u2019Argenteuil avec les ch\u0153urs de la Ma\u00eetrise et les classes \u00e0 horaires am\u00e9nag\u00e9s, Marie-\u00c9lisabeth enseigne actuellement le chant choral et la formation musicale \u00e0 l\u2019\u00e9cole de musique de Bezons.<\/p>\n\n\n\n<p>Pourquoi Accro d\u2019Jazz&nbsp;?<\/p>\n\n\n\n<p><em>\u00ab&nbsp;C\u2019est la r\u00e9cr\u00e9ation apr\u00e8s le travail&nbsp;! C\u2019est un plaisir de diriger un ensemble de jazz de bon niveau. Moi qui adore enseigner, j\u2019ai enfin l\u2019occasion de partager ce que j\u2019ai appris aupr\u00e8s de Thierry Lalo et des autres musiciens de jazz que je connais. J\u2019ai un peu l\u2019impression de revenir \u00e0 la maison.&nbsp;\u00bb<\/em><\/p>\n\n\n\n<h4 class=\"wp-block-heading\"><a href=\"http:\/\/accrodjazz.fr\/WordPress3\/wp-content\/uploads\/2020\/06\/Java%20Jive%20V3.mp4\" target=\"_blank\" rel=\"noopener noreferrer\"><video src=\"http:\/\/accrodjazz.fr\/WordPress3\/wp-content\/uploads\/2020\/06\/Java%20Jive%20V3.mp4\" autoplay=\"autoplay\" muted=\"\" width=\"300\" height=\"150\"><span style=\"width: 0px;overflow: hidden;line-height: 0\" class=\"mce_SELRES_start\">\ufeff<\/span>Java Jive : les arrco d&rsquo;Jazz pendant le confinement<\/video><br>Java Jive : les ACCRO d&rsquo;JAZZ pendant le confinement<\/a><\/h4>\n\n\n\n<h3 class=\"wp-block-heading\"><\/h3>\n\n\n\n<h5 class=\"wp-block-heading\">Paroles de pr\u00e9sidents<\/h5>\n\n\n\n<p class=\"has-text-align-left\"><span style=\"font-family: Geneva, sans-serif;color: #993300;font-size: 14px\"><em>C\u2019est le r\u00e9pertoire jazzy qui m\u2019a fait venir chez Accro d\u2019Jazz; c\u2019est l\u2019ambiance chaleureuse, les amiti\u00e9s fortes et l\u2019\u00e9nergie contagieuse que j\u2019y ai trouv\u00e9es qui m\u2019ont fait rester depuis 2002. Laissez-nous vous contaminer, soit en venant nous rejoindre, soit en venant nous voir en spectacle<\/em>.<\/span><\/p>\n\n\n\n<p class=\"has-text-align-center\">Cynthia Kaiser &#8211; Pr\u00e9sidente de 2003 \u00e0 2015, juin 2020 &#8230;<\/p>\n\n\n\n<p><span style=\"font-size: 14px;color: #993300\"><em><span style=\"font-family: 'comic sans ms', sans-serif\">Accro d&rsquo;Jazz, c&rsquo;est avant tout une aventure humaine. Nous nous regroupons autour d&rsquo;une envie commune, celle d&rsquo;\u00eatre au milieu d&rsquo;un ch\u0153ur de Jazz. Cet ensemble &nbsp;interpr\u00e8te des arrangements musicaux, des harmonies si agr\u00e9ables, mais aussi si pr\u00e9cises.<\/span><\/em><\/span><\/p>\n\n\n\n<p><span style=\"font-size: 14px;color: #993300\"><em><span style=\"font-family: 'comic sans ms', sans-serif\">Chaque repr\u00e9sentation est l&rsquo;occasion d&rsquo;un d\u00e9passement pour transmettre au public notre plaisir de partager. Comme pr\u00e9sident de l&rsquo;association Accro d&rsquo;Jazz, je souhaite encourager les amoureux du Jazz \u00e0 nous rejoindre, \u00e0 venir voir nos spectacles.<\/span><\/em><\/span><\/p>\n\n\n\n<p class=\"has-text-align-center\"><span style=\"font-size: 12pt\">Philippe M\u00e9nard &#8211; Pr\u00e9sident de Juin 2017 &#8211; 2020<\/span><\/p>\n\n\n\n<p class=\"has-text-align-center\"><span style=\"font-family: Geneva, sans-serif;color: #993300;font-size: 14px\"><em><em>R\u00e9sumer Accro d\u2019Jazz&nbsp;: des choristes tr\u00e8s sympathiques et accueillants, un chef au charisme et au tonus remarquables, une r\u00e9elle exigence du r\u00e9sultat, bref, un ch\u0153ur qui ne manque pas de c\u0153ur&nbsp;! Venez nous rencontrer lors d\u2019un concert ou plus si affinit\u00e9\u2026<\/em><\/em><\/span><\/p>\n\n\n\n<p class=\"has-text-align-center\">Stephane Lerolle &#8211; Pr\u00e9sident 2016-2017<\/p>\n\n\n\n<figure class=\"wp-block-table\"><table><tbody><tr><td><a href=\"https:\/\/www.facebook.com\/Accro-dJazz-257122065214928\" target=\"_blank\" rel=\"noopener noreferrer\"><img decoding=\"async\" loading=\"lazy\" class=\"alignnone wp-image-3382 size-full\" src=\"http:\/\/accrodjazz.fr\/WordPress3\/wp-content\/uploads\/2019\/03\/FACEBOOK-LOGO-e1551604493525.jpg\" alt=\"\" width=\"30\" height=\"30\"><\/a><\/td><td>&nbsp;<\/td><\/tr><\/tbody><\/table><\/figure>\n\n\n\n<p class=\"has-text-align-right\"><span style=\"font-size: 14px\"><em>Mise \u00e0 jour avril 2026<br><\/em><\/span><\/p>\n<\/div>","protected":false},"excerpt":{"rendered":"<p>Accro d&rsquo;Jazz est un groupe vocal d&rsquo;amateurs passionn\u00e9s de Jazz et de Swing. Nous r\u00e9p\u00e9tons tous les jeudis \u00e0 Rueil-Malmaison dans le 92. Nous nous produisons plusieurs fois par an lors de concerts chant\u00e9s par coeur. ACCRO d&rsquo;JAZZ f\u00eate ses 25 ANSavec son nouveau concertNOSTAL&rsquo;JAZZ R\u00e9servations sur HelloAssoCliquez sur ce lien pour acc\u00e9der \u00e0 la &hellip; <a href=\"http:\/\/accrodjazz.fr\/WordPress3\/\" class=\"more-link\">Continuer la lecture de <span class=\"screen-reader-text\">Accueil<\/span> <span class=\"meta-nav\">&rarr;<\/span><\/a><\/p>\n","protected":false},"author":1,"featured_media":0,"parent":0,"menu_order":0,"comment_status":"closed","ping_status":"closed","template":"","meta":[],"aioseo_notices":[],"_links":{"self":[{"href":"http:\/\/accrodjazz.fr\/WordPress3\/wp-json\/wp\/v2\/pages\/48"}],"collection":[{"href":"http:\/\/accrodjazz.fr\/WordPress3\/wp-json\/wp\/v2\/pages"}],"about":[{"href":"http:\/\/accrodjazz.fr\/WordPress3\/wp-json\/wp\/v2\/types\/page"}],"author":[{"embeddable":true,"href":"http:\/\/accrodjazz.fr\/WordPress3\/wp-json\/wp\/v2\/users\/1"}],"replies":[{"embeddable":true,"href":"http:\/\/accrodjazz.fr\/WordPress3\/wp-json\/wp\/v2\/comments?post=48"}],"version-history":[{"count":248,"href":"http:\/\/accrodjazz.fr\/WordPress3\/wp-json\/wp\/v2\/pages\/48\/revisions"}],"predecessor-version":[{"id":4001,"href":"http:\/\/accrodjazz.fr\/WordPress3\/wp-json\/wp\/v2\/pages\/48\/revisions\/4001"}],"wp:attachment":[{"href":"http:\/\/accrodjazz.fr\/WordPress3\/wp-json\/wp\/v2\/media?parent=48"}],"curies":[{"name":"wp","href":"https:\/\/api.w.org\/{rel}","templated":true}]}}