{"id":43,"date":"2014-01-07T21:53:35","date_gmt":"2014-01-07T20:53:35","guid":{"rendered":"http:\/\/accrodjazz.fr\/WordPress3\/?page_id=43"},"modified":"2018-04-05T11:16:30","modified_gmt":"2018-04-05T09:16:30","slug":"contact-2","status":"publish","type":"page","link":"http:\/\/accrodjazz.fr\/WordPress3\/contact-2\/","title":{"rendered":"Contact"},"content":{"rendered":"<div style=\"background-image: url('http:\/\/accrodjazz.fr\/WordPress3\/wp-content\/uploads\/2014\/08\/image-fond-bulles-4.jpg');background-repeat: repeat;\"><table style=\"width: 100%;\" cellspacing=\"0\" cellpadding=\"0\">\n<tbody>\n<tr>\n<td style=\"border: 1px solid #ffffff;\"><span style=\"text-decoration: underline;\"><b>Adresse du bureau:<\/b><\/span><i style=\"font-family: sans-serif; font-size: medium; line-height: normal;\"><b>\u00a0 <\/b><\/i><i style=\"font-family: sans-serif; font-size: medium; line-height: normal;\"><b>\u00a0 Accro d&rsquo;Jazz<\/b><\/i><br \/>\n<i style=\"line-height: 2;\"><b>\u00a0<span style=\"font-family: 'comic sans ms', sans-serif; font-size: 12px;\"> \u00a05 all\u00e9e Jean Antoine Houdon \u00a0 \u00a0 \u00a0 \u00a0 \u00a0 \u00a0 \u00a0 \u00a0 \u00a0 \u00a0 \u00a0 \u00a0<\/span><\/b><\/i><br \/>\n<span style=\"font-family: 'comic sans ms', sans-serif; font-size: 12px;\"> <i style=\"line-height: 2;\"><b>\u00a0 \u00a092500 Rueil-Malmaison<br class=\"none\" \/><br class=\"none\" \/><\/b><\/i><\/span><span style=\"font-family: 'comic sans ms', sans-serif; font-size: 12px;\"><i><b>\u00a0<\/b><\/i><\/span><\/td>\n<td style=\"border: 1px solid #ffffff;\"><a href=\"http:\/\/accrodjazz.fr\/WordPress3\/wp-content\/uploads\/2014\/08\/img-038.jpg\"><img decoding=\"async\" loading=\"lazy\" class=\"wp-image-911 aligncenter\" alt=\"img 038\" src=\"http:\/\/accrodjazz.fr\/WordPress3\/wp-content\/uploads\/2014\/08\/img-038-225x300.jpg\" width=\"135\" height=\"180\" srcset=\"http:\/\/accrodjazz.fr\/WordPress3\/wp-content\/uploads\/2014\/08\/img-038-225x300.jpg 225w, http:\/\/accrodjazz.fr\/WordPress3\/wp-content\/uploads\/2014\/08\/img-038-768x1024.jpg 768w\" sizes=\"(max-width: 135px) 100vw, 135px\" \/><\/a><\/td>\n<\/tr>\n<tr>\n<td style=\"border: 1px solid #ffffff;\" colspan=\"2\"><span style=\"color: blue; font-family: Arial;\"><b><br \/>\n<\/b><\/span><\/td>\n<\/tr>\n<\/tbody>\n<\/table>\n<table border=\"0\">\n<tbody>\n<tr>\n<td style=\"border: 1px solid #ffffff;\"><img decoding=\"async\" loading=\"lazy\" alt=\"Repet 412\" src=\"http:\/\/accrodjazz.fr\/WordPress3\/wp-content\/uploads\/2014\/08\/Repet-412-300x225.jpg\" width=\"210\" height=\"158\" \/><\/td>\n<td style=\"border: 1px solid #f5f5f5;\"><span style=\"font-family: 'comic sans ms', sans-serif; font-size: 12px;\"><b style=\"line-height: 2;\">Pour nous \u00e9crire par votre messagerie habituelle, cliquez sur ce lien <b>(ou \u00e9crivez nous \u00e0 cette adresse)<\/b>:<b>\u00a0<\/b><\/b><\/span><span style=\"font-family: 'comic sans ms', sans-serif; font-size: 12px;\"><b style=\"line-height: 2;\"><b><a href=\"mailto:groupevocal@accrodjazz.fr?subject=Depuis%20le%20site%20internet%20Accrod%27jazz...%20\">groupevocal@accrodjazz.fr<\/a>\u00a0 \u00a0<\/b><\/b><\/span><span style=\"font-family: 'comic sans ms', sans-serif; font-size: 12px;\"><b style=\"line-height: 2;\"><br \/>\nsite Web :\u00a0\u00a0<a href=\"http:\/\/www.accrodjazz.fr\" target=\"_blank\">http:\/\/www.accrodjazz.fr<\/a>\u00a0\u00a0<\/b><span style=\"line-height: 2;\">\u00e0 mettre dans vos favoris<\/span><\/span><\/td>\n<\/tr>\n<\/tbody>\n<\/table>\n<p>&nbsp;<\/p>\n<\/div>","protected":false},"excerpt":{"rendered":"<p>Adresse du bureau:\u00a0 \u00a0 Accro d&rsquo;Jazz \u00a0 \u00a05 all\u00e9e Jean Antoine Houdon \u00a0 \u00a0 \u00a0 \u00a0 \u00a0 \u00a0 \u00a0 \u00a0 \u00a0 \u00a0 \u00a0 \u00a0 \u00a0 \u00a092500 Rueil-Malmaison\u00a0 Pour nous \u00e9crire par votre messagerie habituelle, cliquez sur ce lien (ou \u00e9crivez nous \u00e0 cette adresse):\u00a0groupevocal@accrodjazz.fr\u00a0 \u00a0 site Web :\u00a0\u00a0http:\/\/www.accrodjazz.fr\u00a0\u00a0\u00e0 mettre dans vos favoris &nbsp;<\/p>\n","protected":false},"author":1,"featured_media":0,"parent":0,"menu_order":0,"comment_status":"closed","ping_status":"closed","template":"","meta":[],"aioseo_notices":[],"_links":{"self":[{"href":"http:\/\/accrodjazz.fr\/WordPress3\/wp-json\/wp\/v2\/pages\/43"}],"collection":[{"href":"http:\/\/accrodjazz.fr\/WordPress3\/wp-json\/wp\/v2\/pages"}],"about":[{"href":"http:\/\/accrodjazz.fr\/WordPress3\/wp-json\/wp\/v2\/types\/page"}],"author":[{"embeddable":true,"href":"http:\/\/accrodjazz.fr\/WordPress3\/wp-json\/wp\/v2\/users\/1"}],"replies":[{"embeddable":true,"href":"http:\/\/accrodjazz.fr\/WordPress3\/wp-json\/wp\/v2\/comments?post=43"}],"version-history":[{"count":33,"href":"http:\/\/accrodjazz.fr\/WordPress3\/wp-json\/wp\/v2\/pages\/43\/revisions"}],"predecessor-version":[{"id":3005,"href":"http:\/\/accrodjazz.fr\/WordPress3\/wp-json\/wp\/v2\/pages\/43\/revisions\/3005"}],"wp:attachment":[{"href":"http:\/\/accrodjazz.fr\/WordPress3\/wp-json\/wp\/v2\/media?parent=43"}],"curies":[{"name":"wp","href":"https:\/\/api.w.org\/{rel}","templated":true}]}}