{"id":40,"date":"2017-08-24T07:51:17","date_gmt":"2017-08-24T05:51:17","guid":{"rendered":"http:\/\/accrodjazz.fr\/WordPress3\/?page_id=40"},"modified":"2017-08-24T11:26:50","modified_gmt":"2017-08-24T09:26:50","slug":"presse","status":"publish","type":"page","link":"http:\/\/accrodjazz.fr\/WordPress3\/presse\/","title":{"rendered":"Presse"},"content":{"rendered":"<div style=\"background-image: url('http:\/\/accrodjazz.fr\/WordPress3\/wp-content\/uploads\/2014\/08\/image-fond-bulles-4.jpg');background-repeat: repeat;\"><p><span style=\"color: #000000; font-family: 'Century Gothic';\"><b>A l&rsquo;occasion de sa tourn\u00e9e de cet \u00e9t\u00e9, le choeur Accro d&rsquo;Jazz a retenu l&rsquo;attention du journal \u00ab\u00a0La MONTAGNE \u00a0\u00bb :\u00a0Un ch\u0153ur qui ne manque pas de c\u0153ur<\/b><\/span><\/p>\n<table style=\"width: 100%;\" border=\"0\" cellspacing=\"3\" cellpadding=\"3\">\n<tbody>\n<tr>\n<td width=\"20%\"><a href=\"http:\/\/accrodjazz.fr\/WordPress3\/wp-content\/uploads\/2014\/01\/La-montagne_150.gif\"><img decoding=\"async\" loading=\"lazy\" class=\"alignnone size-full wp-image-2919\" alt=\"La montagne_150\" src=\"http:\/\/accrodjazz.fr\/WordPress3\/wp-content\/uploads\/2014\/01\/La-montagne_150.gif\" width=\"150\" height=\"40\" \/><\/a><\/td>\n<td>Le groupe vocal Accro d&rsquo;Jazz a donn\u00e9 un r\u00e9cital en l&rsquo;\u00e9glise de Sainte-Anastasie. L&rsquo;enthousiasme du public s&rsquo;est manifest\u00e9 par des applaudissements nourris.<\/td>\n<\/tr>\n<tr>\n<td><a href=\"http:\/\/accrodjazz.fr\/WordPress3\/wp-content\/uploads\/2014\/01\/3361653.jpeg\"><img decoding=\"async\" loading=\"lazy\" class=\"alignnone size-thumbnail wp-image-2916\" alt=\"3361653\" src=\"http:\/\/accrodjazz.fr\/WordPress3\/wp-content\/uploads\/2014\/01\/3361653-150x150.jpeg\" width=\"150\" height=\"150\" \/><\/a><\/td>\n<td>L&rsquo;ensemble vient de Rueil-Malmaison.<br \/>\nC&rsquo;est l\u00e0 que deux fois par semaine, il se r\u00e9unit. Parler de spectacle \u00e0 propos de la prestation de ces seize chanteuses et chanteurs n&rsquo;est pas abusif, car le jazz qu&rsquo;ils chantent, ils le rythment, le dansent presque, et, quand les textes s&rsquo;y pr\u00eatent, l&rsquo;accompagnent de gestes.<\/td>\n<\/tr>\n<tr>\n<td colspan=\"2\">Le chef de ch\u0153ur Patricia Boillot a les qualit\u00e9s de rigueur, d&rsquo;exigence et de proximit\u00e9 avec les choristes, ce qui explique l&rsquo;excellent niveau de ce groupe d&rsquo;amateurs n\u00e9 en 2001.Accro d&rsquo;Jazz emmen\u00e9 par un pianiste talentueux, a interpr\u00e9t\u00e9 des chansons de Nougaro, Trenet, Ellington, Bolling, etc.Leur fougue, leur plaisir \u00e9vident \u00e0 chanter, les belles voix de solistes, la vari\u00e9t\u00e9 des airs choisis ont fait de ce concert un moment tr\u00e8s appr\u00e9ci\u00e9. Chacun est reparti en fredonnant et avec un pas de danse dans les pieds. Ce moment musical \u00e9tait initi\u00e9 au profit de la restauration de l&rsquo;\u00e9glise de Sainte-Anastasie.<\/p>\n<p><a href=\"http:\/\/www.lamontagne.fr\/neussargues-en-pinatelle\/loisirs\/art-litterature\/2017\/08\/18\/swing-plaisir-amitie-avec-accro-djazz_12519491.html\">Voir l&rsquo;article sur le site La Montagne<\/a><\/td>\n<\/tr>\n<\/tbody>\n<\/table>\n<p>&nbsp;<\/p>\n<p><span style=\"color: #000000; font-family: 'Century Gothic';\"><b>Rueil-Infos n\u00b0300 Octobre 2012, page 44 dans la rubrique \u00ab\u00a0Gens d&rsquo;ici\u00a0\u00bb: Patricia Boillot est pr\u00e9sent\u00e9e par la mairie de Rueil-Malmaison:<\/b><\/span><\/p>\n<p><span style=\"color: blue; font-family: 'Century Gothic';\"><b><img decoding=\"async\" alt=\"Rueil-Infos Octobre 2012 page 44\" src=\"http:\/\/www.accrodjazz.fr\/Ancien site\/revupresse\/Rueil-Infos-300-Octobre-2012_p44.jpg\" \/><br \/>\n<\/b><\/span><\/p>\n<p><span style=\"color: blue; font-family: 'Century Gothic';\"><b>\u00a0<\/b><\/span><\/p>\n<p><span style=\"color: #000000; font-family: 'Century Gothic';\"><b>Interview de Rueil-TV \u00e0 l&rsquo;occasion du spectacle du 28 Septembre 2012 (White and Black Jazz)<\/b><\/span><\/p>\n<p>&nbsp;<\/p>\n<p><span style=\"color: blue; font-family: 'Century Gothic';\"><b><div style=\"width: 604px;\" class=\"wp-video\"><!--[if lt IE 9]><script>document.createElement('video');<\/script><![endif]-->\n<video class=\"wp-video-shortcode\" id=\"video-40-1\" width=\"604\" height=\"453\" preload=\"metadata\" controls=\"controls\"><source type=\"video\/x-ms-wmv\" src=\"http:\/\/accrodjazz.fr\/WordPress3\/wp-content\/uploads\/2014\/12\/White-and-Black-Jazz-interview-Rueil-TV-Sept-2012.wmv?_=1\" \/><a href=\"http:\/\/accrodjazz.fr\/WordPress3\/wp-content\/uploads\/2014\/12\/White-and-Black-Jazz-interview-Rueil-TV-Sept-2012.wmv\">http:\/\/accrodjazz.fr\/WordPress3\/wp-content\/uploads\/2014\/12\/White-and-Black-Jazz-interview-Rueil-TV-Sept-2012.wmv<\/a><\/video><\/div><br \/>\n<\/b><\/span><\/p>\n<p><span style=\"color: blue; font-family: 'Century Gothic';\"><b>\u00a0<\/b><\/span><\/p>\n<p>&nbsp;<\/p>\n<p><span style=\"color: blue; font-family: 'Century Gothic';\"><b><span style=\"color: #000000;\">Annonce du concert White and Black Jazz dans le Figaroscope en Septembre 2012<\/span><br \/>\n<\/b><\/span><\/p>\n<p><span style=\"color: blue; font-family: 'Century Gothic';\"><b><img decoding=\"async\" alt=\"Figaroscope Septembre 2012\" src=\"http:\/\/www.accrodjazz.fr\/Ancien site\/revupresse\/12-09-28-Pub-FigaroScope.jpg\" \/><br \/>\n<\/b><\/span><\/p>\n<p><span style=\"color: blue; font-family: 'Century Gothic';\"><b>\u00a0<\/b><\/span><\/p>\n<p><span style=\"color: blue; font-family: 'Century Gothic';\"><b><span style=\"color: #000000;\">Concert de fin de stage \u00e0 Jarrier en Ao\u00fbt 2011<\/span><br \/>\n<\/b><\/span><\/p>\n<p><img decoding=\"async\" alt=\"Le Dauphin\u00e9 Ao\u00fbt 2011\" src=\"http:\/\/www.accrodjazz.fr\/Ancien site\/revupresse\/11-08-02-article-Le-DauphineLib.jpg\" \/><\/p>\n<p>&nbsp;<\/p>\n<p><span style=\"color: blue; font-family: 'Century Gothic';\"><b><span style=\"color: #000000;\">Concert \u00e0 Sainte Anastasie (63) apr\u00e8s la semaine de stage (Ao\u00fbt 2010)<\/span><br \/>\n<\/b><\/span><\/p>\n<p><span style=\"color: blue; font-family: 'Century Gothic';\"><b><img decoding=\"async\" alt=\"La Montagne Aout 2010\" src=\"http:\/\/www.accrodjazz.fr\/Ancien site\/revupresse\/10-08-06-article-La-Montagne.jpg\" \/><br \/>\n<\/b><\/span><\/p>\n<p><span style=\"color: blue; font-family: 'Century Gothic';\"><b>\u00a0<\/b><\/span><\/p>\n<p><span style=\"color: blue; font-family: 'Century Gothic';\"><b><span style=\"color: #000000;\">Concert de fin de stage \u00e0 Jarrier (73) en Juillet 2009<\/span><br \/>\n<\/b><\/span><\/p>\n<p><span style=\"color: blue; font-family: 'Century Gothic';\"><b><img decoding=\"async\" alt=\"Le Dauphin\u00e9 24 Juillet 2009\" src=\"http:\/\/www.accrodjazz.fr\/Ancien site\/revupresse\/09-07-24-article-Dauphine-J.jpg\" \/><br \/>\n<\/b><\/span><\/p>\n<p><span style=\"color: blue; font-family: 'Century Gothic';\"><b>\u00a0<\/b><\/span><\/p>\n<p><span style=\"color: #000000; font-family: 'Century Gothic';\"><b>Week-end de travail dans le Perche en Mai 2004&#8230;<\/b><\/span><\/p>\n<p><span style=\"color: blue; font-family: 'Century Gothic';\"><b><img decoding=\"async\" alt=\"&quot;Le Perche&quot; 5 Mai 2004\" src=\"http:\/\/www.accrodjazz.fr\/Ancien site\/revupresse\/04-05-02-article-journal-le-perche.jpg\" \/><\/b><\/span><\/p>\n<\/div>","protected":false},"excerpt":{"rendered":"<p>A l&rsquo;occasion de sa tourn\u00e9e de cet \u00e9t\u00e9, le choeur Accro d&rsquo;Jazz a retenu l&rsquo;attention du journal \u00ab\u00a0La MONTAGNE \u00a0\u00bb :\u00a0Un ch\u0153ur qui ne manque pas de c\u0153ur Le groupe vocal Accro d&rsquo;Jazz a donn\u00e9 un r\u00e9cital en l&rsquo;\u00e9glise de Sainte-Anastasie. L&rsquo;enthousiasme du public s&rsquo;est manifest\u00e9 par des applaudissements nourris. L&rsquo;ensemble vient de Rueil-Malmaison. C&rsquo;est &hellip; <a href=\"http:\/\/accrodjazz.fr\/WordPress3\/presse\/\" class=\"more-link\">Continuer la lecture de <span class=\"screen-reader-text\">Presse<\/span> <span class=\"meta-nav\">&rarr;<\/span><\/a><\/p>\n","protected":false},"author":1,"featured_media":0,"parent":0,"menu_order":0,"comment_status":"closed","ping_status":"closed","template":"","meta":[],"aioseo_notices":[],"_links":{"self":[{"href":"http:\/\/accrodjazz.fr\/WordPress3\/wp-json\/wp\/v2\/pages\/40"}],"collection":[{"href":"http:\/\/accrodjazz.fr\/WordPress3\/wp-json\/wp\/v2\/pages"}],"about":[{"href":"http:\/\/accrodjazz.fr\/WordPress3\/wp-json\/wp\/v2\/types\/page"}],"author":[{"embeddable":true,"href":"http:\/\/accrodjazz.fr\/WordPress3\/wp-json\/wp\/v2\/users\/1"}],"replies":[{"embeddable":true,"href":"http:\/\/accrodjazz.fr\/WordPress3\/wp-json\/wp\/v2\/comments?post=40"}],"version-history":[{"count":15,"href":"http:\/\/accrodjazz.fr\/WordPress3\/wp-json\/wp\/v2\/pages\/40\/revisions"}],"predecessor-version":[{"id":186,"href":"http:\/\/accrodjazz.fr\/WordPress3\/wp-json\/wp\/v2\/pages\/40\/revisions\/186"}],"wp:attachment":[{"href":"http:\/\/accrodjazz.fr\/WordPress3\/wp-json\/wp\/v2\/media?parent=40"}],"curies":[{"name":"wp","href":"https:\/\/api.w.org\/{rel}","templated":true}]}}