{"id":3903,"date":"2025-02-24T17:37:40","date_gmt":"2025-02-24T16:37:40","guid":{"rendered":"http:\/\/accrodjazz.fr\/WordPress3\/?page_id=3903"},"modified":"2025-02-24T17:37:46","modified_gmt":"2025-02-24T16:37:46","slug":"photos-museo-jazz-fevrier-2025","status":"publish","type":"page","link":"http:\/\/accrodjazz.fr\/WordPress3\/photos-museo-jazz-fevrier-2025\/","title":{"rendered":"Photos Mus\u00e9o Jazz (f\u00e9vrier 2025)"},"content":{"rendered":"<div style=\"background-repeat: no-repeat;\">\n<p><strong>Mus\u00e9o Jazz<\/strong>, concert donn\u00e9 le samedi 1er f\u00e9vrier\u00a0au th\u00e9\u00e2tre Edmond Rostand \u00e0 Rueil-Malmaison, sous la direction\u00a0de Marie-\u00c9lisabeth Floquet, accompagn\u00e9 au piano\u00a0par Laurent Epstein et \u00e0 la contrebasse\u00a0par Michel Costandi. Images et effets sonores cr\u00e9\u00e9s par Rachel Picard.<br>Le jazz se prom\u00e8ne au mus\u00e9e. Les morceaux de jazz \u00e9taient illustr\u00e9s par des oeuvres d\u2019art projet\u00e9es sur fond de sc\u00e8ne. Des lectures de textes : extraits de livres, de chansons, etc. se sont gliss\u00e9es entre les morceaux.<\/p>\n\n\n\n<figure class=\"wp-block-gallery has-nested-images columns-default is-cropped wp-block-gallery-1 is-layout-flex\">\n<figure class=\"wp-block-image size-large\"><a href=\"http:\/\/accrodjazz.fr\/WordPress3\/wp-content\/uploads\/2025\/02\/IMG_7713b-scaled.jpg\"><img decoding=\"async\" loading=\"lazy\" width=\"1024\" height=\"683\" data-id=\"3907\"  src=\"http:\/\/accrodjazz.fr\/WordPress3\/wp-content\/uploads\/2025\/02\/IMG_7713b-1024x683.jpg\" alt=\"\" class=\"wp-image-3907\" srcset=\"http:\/\/accrodjazz.fr\/WordPress3\/wp-content\/uploads\/2025\/02\/IMG_7713b-1024x683.jpg 1024w, http:\/\/accrodjazz.fr\/WordPress3\/wp-content\/uploads\/2025\/02\/IMG_7713b-300x200.jpg 300w, http:\/\/accrodjazz.fr\/WordPress3\/wp-content\/uploads\/2025\/02\/IMG_7713b-768x512.jpg 768w, http:\/\/accrodjazz.fr\/WordPress3\/wp-content\/uploads\/2025\/02\/IMG_7713b-1536x1024.jpg 1536w, http:\/\/accrodjazz.fr\/WordPress3\/wp-content\/uploads\/2025\/02\/IMG_7713b-2048x1365.jpg 2048w\" sizes=\"(max-width: 1024px) 100vw, 1024px\" \/><\/a><\/figure>\n\n\n\n<figure class=\"wp-block-image size-large\"><a href=\"http:\/\/accrodjazz.fr\/WordPress3\/wp-content\/uploads\/2025\/02\/IMG_7718b-scaled.jpg\"><img decoding=\"async\" loading=\"lazy\" width=\"1024\" height=\"683\" data-id=\"3908\"  src=\"http:\/\/accrodjazz.fr\/WordPress3\/wp-content\/uploads\/2025\/02\/IMG_7718b-1024x683.jpg\" alt=\"\" class=\"wp-image-3908\" srcset=\"http:\/\/accrodjazz.fr\/WordPress3\/wp-content\/uploads\/2025\/02\/IMG_7718b-1024x683.jpg 1024w, http:\/\/accrodjazz.fr\/WordPress3\/wp-content\/uploads\/2025\/02\/IMG_7718b-300x200.jpg 300w, http:\/\/accrodjazz.fr\/WordPress3\/wp-content\/uploads\/2025\/02\/IMG_7718b-768x512.jpg 768w, http:\/\/accrodjazz.fr\/WordPress3\/wp-content\/uploads\/2025\/02\/IMG_7718b-1536x1024.jpg 1536w, http:\/\/accrodjazz.fr\/WordPress3\/wp-content\/uploads\/2025\/02\/IMG_7718b-2048x1365.jpg 2048w\" sizes=\"(max-width: 1024px) 100vw, 1024px\" \/><\/a><figcaption class=\"wp-element-caption\">Michel et Laurent<\/figcaption><\/figure>\n\n\n\n<figure class=\"wp-block-image size-large\"><a href=\"http:\/\/accrodjazz.fr\/WordPress3\/wp-content\/uploads\/2025\/02\/IMG_7738b-scaled.jpg\"><img decoding=\"async\" loading=\"lazy\" width=\"1024\" height=\"683\" data-id=\"3909\"  src=\"http:\/\/accrodjazz.fr\/WordPress3\/wp-content\/uploads\/2025\/02\/IMG_7738b-1024x683.jpg\" alt=\"\" class=\"wp-image-3909\" srcset=\"http:\/\/accrodjazz.fr\/WordPress3\/wp-content\/uploads\/2025\/02\/IMG_7738b-1024x683.jpg 1024w, http:\/\/accrodjazz.fr\/WordPress3\/wp-content\/uploads\/2025\/02\/IMG_7738b-300x200.jpg 300w, http:\/\/accrodjazz.fr\/WordPress3\/wp-content\/uploads\/2025\/02\/IMG_7738b-768x512.jpg 768w, http:\/\/accrodjazz.fr\/WordPress3\/wp-content\/uploads\/2025\/02\/IMG_7738b-1536x1024.jpg 1536w, http:\/\/accrodjazz.fr\/WordPress3\/wp-content\/uploads\/2025\/02\/IMG_7738b-2048x1365.jpg 2048w\" sizes=\"(max-width: 1024px) 100vw, 1024px\" \/><\/a><figcaption class=\"wp-element-caption\">Caravan<\/figcaption><\/figure>\n\n\n\n<figure class=\"wp-block-image size-large\"><a href=\"http:\/\/accrodjazz.fr\/WordPress3\/wp-content\/uploads\/2025\/02\/IMG_7744b.jpg\"><img decoding=\"async\" loading=\"lazy\" width=\"1024\" height=\"683\" data-id=\"3910\"  src=\"http:\/\/accrodjazz.fr\/WordPress3\/wp-content\/uploads\/2025\/02\/IMG_7744b-1024x683.jpg\" alt=\"\" class=\"wp-image-3910\" srcset=\"http:\/\/accrodjazz.fr\/WordPress3\/wp-content\/uploads\/2025\/02\/IMG_7744b-1024x683.jpg 1024w, http:\/\/accrodjazz.fr\/WordPress3\/wp-content\/uploads\/2025\/02\/IMG_7744b-300x200.jpg 300w, http:\/\/accrodjazz.fr\/WordPress3\/wp-content\/uploads\/2025\/02\/IMG_7744b-768x512.jpg 768w, http:\/\/accrodjazz.fr\/WordPress3\/wp-content\/uploads\/2025\/02\/IMG_7744b.jpg 1500w\" sizes=\"(max-width: 1024px) 100vw, 1024px\" \/><\/a><figcaption class=\"wp-element-caption\">Mood Indigo<\/figcaption><\/figure>\n\n\n\n<figure class=\"wp-block-image size-large\"><a href=\"http:\/\/accrodjazz.fr\/WordPress3\/wp-content\/uploads\/2025\/02\/IMG_7754b.jpg\"><img decoding=\"async\" loading=\"lazy\" width=\"683\" height=\"1024\" data-id=\"3911\"  src=\"http:\/\/accrodjazz.fr\/WordPress3\/wp-content\/uploads\/2025\/02\/IMG_7754b-683x1024.jpg\" alt=\"\" class=\"wp-image-3911\" srcset=\"http:\/\/accrodjazz.fr\/WordPress3\/wp-content\/uploads\/2025\/02\/IMG_7754b-683x1024.jpg 683w, http:\/\/accrodjazz.fr\/WordPress3\/wp-content\/uploads\/2025\/02\/IMG_7754b-200x300.jpg 200w, http:\/\/accrodjazz.fr\/WordPress3\/wp-content\/uploads\/2025\/02\/IMG_7754b-768x1152.jpg 768w, http:\/\/accrodjazz.fr\/WordPress3\/wp-content\/uploads\/2025\/02\/IMG_7754b-1024x1536.jpg 1024w, http:\/\/accrodjazz.fr\/WordPress3\/wp-content\/uploads\/2025\/02\/IMG_7754b-1365x2048.jpg 1365w, http:\/\/accrodjazz.fr\/WordPress3\/wp-content\/uploads\/2025\/02\/IMG_7754b.jpg 1630w\" sizes=\"(max-width: 683px) 100vw, 683px\" \/><\/a><figcaption class=\"wp-element-caption\">Lecture de texte<\/figcaption><\/figure>\n\n\n\n<figure class=\"wp-block-image size-large\"><a href=\"http:\/\/accrodjazz.fr\/WordPress3\/wp-content\/uploads\/2025\/02\/IMG_7757b-scaled.jpg\"><img decoding=\"async\" loading=\"lazy\" width=\"1024\" height=\"683\" data-id=\"3912\"  src=\"http:\/\/accrodjazz.fr\/WordPress3\/wp-content\/uploads\/2025\/02\/IMG_7757b-1024x683.jpg\" alt=\"\" class=\"wp-image-3912\" srcset=\"http:\/\/accrodjazz.fr\/WordPress3\/wp-content\/uploads\/2025\/02\/IMG_7757b-1024x683.jpg 1024w, http:\/\/accrodjazz.fr\/WordPress3\/wp-content\/uploads\/2025\/02\/IMG_7757b-300x200.jpg 300w, http:\/\/accrodjazz.fr\/WordPress3\/wp-content\/uploads\/2025\/02\/IMG_7757b-768x512.jpg 768w, http:\/\/accrodjazz.fr\/WordPress3\/wp-content\/uploads\/2025\/02\/IMG_7757b-1536x1024.jpg 1536w, http:\/\/accrodjazz.fr\/WordPress3\/wp-content\/uploads\/2025\/02\/IMG_7757b-2048x1365.jpg 2048w\" sizes=\"(max-width: 1024px) 100vw, 1024px\" \/><\/a><figcaption class=\"wp-element-caption\">La Pluie fait des Claquettes<\/figcaption><\/figure>\n\n\n\n<figure class=\"wp-block-image size-large\"><a href=\"http:\/\/accrodjazz.fr\/WordPress3\/wp-content\/uploads\/2025\/02\/IMG_7770b-scaled.jpg\"><img decoding=\"async\" loading=\"lazy\" width=\"1024\" height=\"614\" data-id=\"3913\"  src=\"http:\/\/accrodjazz.fr\/WordPress3\/wp-content\/uploads\/2025\/02\/IMG_7770b-1024x614.jpg\" alt=\"\" class=\"wp-image-3913\" srcset=\"http:\/\/accrodjazz.fr\/WordPress3\/wp-content\/uploads\/2025\/02\/IMG_7770b-1024x614.jpg 1024w, http:\/\/accrodjazz.fr\/WordPress3\/wp-content\/uploads\/2025\/02\/IMG_7770b-300x180.jpg 300w, http:\/\/accrodjazz.fr\/WordPress3\/wp-content\/uploads\/2025\/02\/IMG_7770b-768x461.jpg 768w, http:\/\/accrodjazz.fr\/WordPress3\/wp-content\/uploads\/2025\/02\/IMG_7770b-1536x921.jpg 1536w, http:\/\/accrodjazz.fr\/WordPress3\/wp-content\/uploads\/2025\/02\/IMG_7770b-2048x1229.jpg 2048w\" sizes=\"(max-width: 1024px) 100vw, 1024px\" \/><\/a><figcaption class=\"wp-element-caption\">Blouse de dentiste<\/figcaption><\/figure>\n\n\n\n<figure class=\"wp-block-image size-large\"><a href=\"http:\/\/accrodjazz.fr\/WordPress3\/wp-content\/uploads\/2025\/02\/IMG_7794b-scaled.jpg\"><img decoding=\"async\" loading=\"lazy\" width=\"1024\" height=\"614\" data-id=\"3914\"  src=\"http:\/\/accrodjazz.fr\/WordPress3\/wp-content\/uploads\/2025\/02\/IMG_7794b-1024x614.jpg\" alt=\"\" class=\"wp-image-3914\" srcset=\"http:\/\/accrodjazz.fr\/WordPress3\/wp-content\/uploads\/2025\/02\/IMG_7794b-1024x614.jpg 1024w, http:\/\/accrodjazz.fr\/WordPress3\/wp-content\/uploads\/2025\/02\/IMG_7794b-300x180.jpg 300w, http:\/\/accrodjazz.fr\/WordPress3\/wp-content\/uploads\/2025\/02\/IMG_7794b-768x461.jpg 768w, http:\/\/accrodjazz.fr\/WordPress3\/wp-content\/uploads\/2025\/02\/IMG_7794b-1536x922.jpg 1536w, http:\/\/accrodjazz.fr\/WordPress3\/wp-content\/uploads\/2025\/02\/IMG_7794b-2048x1229.jpg 2048w\" sizes=\"(max-width: 1024px) 100vw, 1024px\" \/><\/a><figcaption class=\"wp-element-caption\">Mack the Knife<\/figcaption><\/figure>\n\n\n\n<figure class=\"wp-block-image size-large\"><a href=\"http:\/\/accrodjazz.fr\/WordPress3\/wp-content\/uploads\/2025\/02\/IMG_7827b-scaled.jpg\"><img decoding=\"async\" loading=\"lazy\" width=\"1024\" height=\"683\" data-id=\"3915\"  src=\"http:\/\/accrodjazz.fr\/WordPress3\/wp-content\/uploads\/2025\/02\/IMG_7827b-1024x683.jpg\" alt=\"\" class=\"wp-image-3915\" srcset=\"http:\/\/accrodjazz.fr\/WordPress3\/wp-content\/uploads\/2025\/02\/IMG_7827b-1024x683.jpg 1024w, http:\/\/accrodjazz.fr\/WordPress3\/wp-content\/uploads\/2025\/02\/IMG_7827b-300x200.jpg 300w, http:\/\/accrodjazz.fr\/WordPress3\/wp-content\/uploads\/2025\/02\/IMG_7827b-768x512.jpg 768w, http:\/\/accrodjazz.fr\/WordPress3\/wp-content\/uploads\/2025\/02\/IMG_7827b-1536x1024.jpg 1536w, http:\/\/accrodjazz.fr\/WordPress3\/wp-content\/uploads\/2025\/02\/IMG_7827b-2048x1366.jpg 2048w\" sizes=\"(max-width: 1024px) 100vw, 1024px\" \/><\/a><figcaption class=\"wp-element-caption\">Ooh Shoo Be Doo Be<\/figcaption><\/figure>\n\n\n\n<figure class=\"wp-block-image size-large\"><a href=\"http:\/\/accrodjazz.fr\/WordPress3\/wp-content\/uploads\/2025\/02\/IMG_7837b-scaled.jpg\"><img decoding=\"async\" loading=\"lazy\" width=\"1024\" height=\"683\" data-id=\"3916\"  src=\"http:\/\/accrodjazz.fr\/WordPress3\/wp-content\/uploads\/2025\/02\/IMG_7837b-1024x683.jpg\" alt=\"\" class=\"wp-image-3916\" srcset=\"http:\/\/accrodjazz.fr\/WordPress3\/wp-content\/uploads\/2025\/02\/IMG_7837b-1024x683.jpg 1024w, http:\/\/accrodjazz.fr\/WordPress3\/wp-content\/uploads\/2025\/02\/IMG_7837b-300x200.jpg 300w, http:\/\/accrodjazz.fr\/WordPress3\/wp-content\/uploads\/2025\/02\/IMG_7837b-768x512.jpg 768w, http:\/\/accrodjazz.fr\/WordPress3\/wp-content\/uploads\/2025\/02\/IMG_7837b-1536x1024.jpg 1536w, http:\/\/accrodjazz.fr\/WordPress3\/wp-content\/uploads\/2025\/02\/IMG_7837b-2048x1365.jpg 2048w\" sizes=\"(max-width: 1024px) 100vw, 1024px\" \/><\/a><figcaption class=\"wp-element-caption\">Marie-Elisabeth<\/figcaption><\/figure>\n<\/figure>\n<\/div>","protected":false},"excerpt":{"rendered":"<p>Mus\u00e9o Jazz, concert donn\u00e9 le samedi 1er f\u00e9vrier\u00a0au th\u00e9\u00e2tre Edmond Rostand \u00e0 Rueil-Malmaison, sous la direction\u00a0de Marie-\u00c9lisabeth Floquet, accompagn\u00e9 au piano\u00a0par Laurent Epstein et \u00e0 la contrebasse\u00a0par Michel Costandi. Images et effets sonores cr\u00e9\u00e9s par Rachel Picard.Le jazz se prom\u00e8ne au mus\u00e9e. Les morceaux de jazz \u00e9taient illustr\u00e9s par des oeuvres d\u2019art projet\u00e9es sur fond &hellip; <a href=\"http:\/\/accrodjazz.fr\/WordPress3\/photos-museo-jazz-fevrier-2025\/\" class=\"more-link\">Continuer la lecture de <span class=\"screen-reader-text\">Photos Mus\u00e9o Jazz (f\u00e9vrier 2025)<\/span> <span class=\"meta-nav\">&rarr;<\/span><\/a><\/p>\n","protected":false},"author":2,"featured_media":0,"parent":0,"menu_order":0,"comment_status":"closed","ping_status":"closed","template":"","meta":[],"aioseo_notices":[],"_links":{"self":[{"href":"http:\/\/accrodjazz.fr\/WordPress3\/wp-json\/wp\/v2\/pages\/3903"}],"collection":[{"href":"http:\/\/accrodjazz.fr\/WordPress3\/wp-json\/wp\/v2\/pages"}],"about":[{"href":"http:\/\/accrodjazz.fr\/WordPress3\/wp-json\/wp\/v2\/types\/page"}],"author":[{"embeddable":true,"href":"http:\/\/accrodjazz.fr\/WordPress3\/wp-json\/wp\/v2\/users\/2"}],"replies":[{"embeddable":true,"href":"http:\/\/accrodjazz.fr\/WordPress3\/wp-json\/wp\/v2\/comments?post=3903"}],"version-history":[{"count":2,"href":"http:\/\/accrodjazz.fr\/WordPress3\/wp-json\/wp\/v2\/pages\/3903\/revisions"}],"predecessor-version":[{"id":3917,"href":"http:\/\/accrodjazz.fr\/WordPress3\/wp-json\/wp\/v2\/pages\/3903\/revisions\/3917"}],"wp:attachment":[{"href":"http:\/\/accrodjazz.fr\/WordPress3\/wp-json\/wp\/v2\/media?parent=3903"}],"curies":[{"name":"wp","href":"https:\/\/api.w.org\/{rel}","templated":true}]}}