{"id":3820,"date":"2024-03-08T13:05:58","date_gmt":"2024-03-08T12:05:58","guid":{"rendered":"http:\/\/accrodjazz.fr\/WordPress3\/?page_id=3820"},"modified":"2024-03-08T13:05:59","modified_gmt":"2024-03-08T12:05:59","slug":"photos-viens-tbalader-decembre-2023","status":"publish","type":"page","link":"http:\/\/accrodjazz.fr\/WordPress3\/photos-viens-tbalader-decembre-2023\/","title":{"rendered":"Photos Viens t&rsquo;balader (d\u00e9cembre 2023)"},"content":{"rendered":"<div style=\"background-repeat: no-repeat;\">\n<p><em>Viens t&rsquo;balader<\/em>, concert donn\u00e9 au th\u00e9\u00e2tre Edmond Rostand en d\u00e9cembre 2023 sous la direction de Marie-Elisabeth Floquet et accompagn\u00e9 au piano par Laurent Epstein et \u00e0 la contrebasse par Michel Costandi. Sketchs \u00e9crits par L\u00e9on,  Anne Christine et Robert. Photos prises par Philippe Bouchon.<\/p>\n\n\n\n<figure class=\"wp-block-gallery has-nested-images columns-default is-cropped wp-block-gallery-1 is-layout-flex\">\n<figure class=\"wp-block-image size-large\"><a href=\"http:\/\/accrodjazz.fr\/WordPress3\/wp-content\/uploads\/2024\/03\/IMG_0166-copy.jpeg\"><img decoding=\"async\" loading=\"lazy\" width=\"1000\" height=\"667\" data-id=\"3814\"  src=\"http:\/\/accrodjazz.fr\/WordPress3\/wp-content\/uploads\/2024\/03\/IMG_0166-copy.jpeg\" alt=\"\" class=\"wp-image-3814\" srcset=\"http:\/\/accrodjazz.fr\/WordPress3\/wp-content\/uploads\/2024\/03\/IMG_0166-copy.jpeg 1000w, http:\/\/accrodjazz.fr\/WordPress3\/wp-content\/uploads\/2024\/03\/IMG_0166-copy-300x200.jpeg 300w, http:\/\/accrodjazz.fr\/WordPress3\/wp-content\/uploads\/2024\/03\/IMG_0166-copy-768x512.jpeg 768w\" sizes=\"(max-width: 1000px) 100vw, 1000px\" \/><\/a><\/figure>\n\n\n\n<figure class=\"wp-block-image size-large\"><a href=\"http:\/\/accrodjazz.fr\/WordPress3\/wp-content\/uploads\/2024\/03\/IMG_0159-copy.jpeg\"><img decoding=\"async\" loading=\"lazy\" width=\"1000\" height=\"686\" data-id=\"3813\"  src=\"http:\/\/accrodjazz.fr\/WordPress3\/wp-content\/uploads\/2024\/03\/IMG_0159-copy.jpeg\" alt=\"\" class=\"wp-image-3813\" srcset=\"http:\/\/accrodjazz.fr\/WordPress3\/wp-content\/uploads\/2024\/03\/IMG_0159-copy.jpeg 1000w, http:\/\/accrodjazz.fr\/WordPress3\/wp-content\/uploads\/2024\/03\/IMG_0159-copy-300x206.jpeg 300w, http:\/\/accrodjazz.fr\/WordPress3\/wp-content\/uploads\/2024\/03\/IMG_0159-copy-768x527.jpeg 768w\" sizes=\"(max-width: 1000px) 100vw, 1000px\" \/><\/a><\/figure>\n\n\n\n<figure class=\"wp-block-image size-large\"><a href=\"http:\/\/accrodjazz.fr\/WordPress3\/wp-content\/uploads\/2024\/03\/IMG_0148-copy.jpeg\"><img decoding=\"async\" loading=\"lazy\" width=\"667\" height=\"1000\" data-id=\"3812\"  src=\"http:\/\/accrodjazz.fr\/WordPress3\/wp-content\/uploads\/2024\/03\/IMG_0148-copy.jpeg\" alt=\"\" class=\"wp-image-3812\" srcset=\"http:\/\/accrodjazz.fr\/WordPress3\/wp-content\/uploads\/2024\/03\/IMG_0148-copy.jpeg 667w, http:\/\/accrodjazz.fr\/WordPress3\/wp-content\/uploads\/2024\/03\/IMG_0148-copy-200x300.jpeg 200w\" sizes=\"(max-width: 667px) 100vw, 667px\" \/><\/a><\/figure>\n\n\n\n<figure class=\"wp-block-image size-large\"><a href=\"http:\/\/accrodjazz.fr\/WordPress3\/wp-content\/uploads\/2024\/03\/IMG_0142-copy.jpeg\"><img decoding=\"async\" loading=\"lazy\" width=\"1000\" height=\"646\" data-id=\"3811\"  src=\"http:\/\/accrodjazz.fr\/WordPress3\/wp-content\/uploads\/2024\/03\/IMG_0142-copy.jpeg\" alt=\"\" class=\"wp-image-3811\" srcset=\"http:\/\/accrodjazz.fr\/WordPress3\/wp-content\/uploads\/2024\/03\/IMG_0142-copy.jpeg 1000w, http:\/\/accrodjazz.fr\/WordPress3\/wp-content\/uploads\/2024\/03\/IMG_0142-copy-300x194.jpeg 300w, http:\/\/accrodjazz.fr\/WordPress3\/wp-content\/uploads\/2024\/03\/IMG_0142-copy-768x496.jpeg 768w\" sizes=\"(max-width: 1000px) 100vw, 1000px\" \/><\/a><\/figure>\n\n\n\n<figure class=\"wp-block-image size-large\"><a href=\"http:\/\/accrodjazz.fr\/WordPress3\/wp-content\/uploads\/2024\/03\/IMG_0121-copy.jpeg\"><img decoding=\"async\" loading=\"lazy\" width=\"1024\" height=\"601\" data-id=\"3810\"  src=\"http:\/\/accrodjazz.fr\/WordPress3\/wp-content\/uploads\/2024\/03\/IMG_0121-copy-1024x601.jpeg\" alt=\"\" class=\"wp-image-3810\" srcset=\"http:\/\/accrodjazz.fr\/WordPress3\/wp-content\/uploads\/2024\/03\/IMG_0121-copy-1024x601.jpeg 1024w, http:\/\/accrodjazz.fr\/WordPress3\/wp-content\/uploads\/2024\/03\/IMG_0121-copy-300x176.jpeg 300w, http:\/\/accrodjazz.fr\/WordPress3\/wp-content\/uploads\/2024\/03\/IMG_0121-copy-768x451.jpeg 768w, http:\/\/accrodjazz.fr\/WordPress3\/wp-content\/uploads\/2024\/03\/IMG_0121-copy.jpeg 1500w\" sizes=\"(max-width: 1024px) 100vw, 1024px\" \/><\/a><\/figure>\n\n\n\n<figure class=\"wp-block-image size-large\"><a href=\"http:\/\/accrodjazz.fr\/WordPress3\/wp-content\/uploads\/2024\/03\/IMG_0107-copy.jpeg\"><img decoding=\"async\" loading=\"lazy\" width=\"1000\" height=\"706\" data-id=\"3809\"  src=\"http:\/\/accrodjazz.fr\/WordPress3\/wp-content\/uploads\/2024\/03\/IMG_0107-copy.jpeg\" alt=\"\" class=\"wp-image-3809\" srcset=\"http:\/\/accrodjazz.fr\/WordPress3\/wp-content\/uploads\/2024\/03\/IMG_0107-copy.jpeg 1000w, http:\/\/accrodjazz.fr\/WordPress3\/wp-content\/uploads\/2024\/03\/IMG_0107-copy-300x212.jpeg 300w, http:\/\/accrodjazz.fr\/WordPress3\/wp-content\/uploads\/2024\/03\/IMG_0107-copy-768x542.jpeg 768w\" sizes=\"(max-width: 1000px) 100vw, 1000px\" \/><\/a><\/figure>\n\n\n\n<figure class=\"wp-block-image size-large\"><a href=\"http:\/\/accrodjazz.fr\/WordPress3\/wp-content\/uploads\/2024\/03\/IMG_0100-copy.jpeg\"><img decoding=\"async\" loading=\"lazy\" width=\"1024\" height=\"347\" data-id=\"3808\"  src=\"http:\/\/accrodjazz.fr\/WordPress3\/wp-content\/uploads\/2024\/03\/IMG_0100-copy-1024x347.jpeg\" alt=\"\" class=\"wp-image-3808\" srcset=\"http:\/\/accrodjazz.fr\/WordPress3\/wp-content\/uploads\/2024\/03\/IMG_0100-copy-1024x347.jpeg 1024w, http:\/\/accrodjazz.fr\/WordPress3\/wp-content\/uploads\/2024\/03\/IMG_0100-copy-300x102.jpeg 300w, http:\/\/accrodjazz.fr\/WordPress3\/wp-content\/uploads\/2024\/03\/IMG_0100-copy-768x260.jpeg 768w, http:\/\/accrodjazz.fr\/WordPress3\/wp-content\/uploads\/2024\/03\/IMG_0100-copy-1536x521.jpeg 1536w, http:\/\/accrodjazz.fr\/WordPress3\/wp-content\/uploads\/2024\/03\/IMG_0100-copy.jpeg 2000w\" sizes=\"(max-width: 1024px) 100vw, 1024px\" \/><\/a><\/figure>\n\n\n\n<figure class=\"wp-block-image size-large\"><a href=\"http:\/\/accrodjazz.fr\/WordPress3\/wp-content\/uploads\/2024\/03\/IMG_0094-copy.jpeg\"><img decoding=\"async\" loading=\"lazy\" width=\"1000\" height=\"747\" data-id=\"3807\"  src=\"http:\/\/accrodjazz.fr\/WordPress3\/wp-content\/uploads\/2024\/03\/IMG_0094-copy.jpeg\" alt=\"\" class=\"wp-image-3807\" srcset=\"http:\/\/accrodjazz.fr\/WordPress3\/wp-content\/uploads\/2024\/03\/IMG_0094-copy.jpeg 1000w, http:\/\/accrodjazz.fr\/WordPress3\/wp-content\/uploads\/2024\/03\/IMG_0094-copy-300x224.jpeg 300w, http:\/\/accrodjazz.fr\/WordPress3\/wp-content\/uploads\/2024\/03\/IMG_0094-copy-768x574.jpeg 768w\" sizes=\"(max-width: 1000px) 100vw, 1000px\" \/><\/a><\/figure>\n\n\n\n<figure class=\"wp-block-image size-large\"><a href=\"http:\/\/accrodjazz.fr\/WordPress3\/wp-content\/uploads\/2024\/03\/IMG_0036-copy.jpeg\"><img decoding=\"async\" loading=\"lazy\" width=\"1000\" height=\"680\" data-id=\"3806\"  src=\"http:\/\/accrodjazz.fr\/WordPress3\/wp-content\/uploads\/2024\/03\/IMG_0036-copy.jpeg\" alt=\"\" class=\"wp-image-3806\" srcset=\"http:\/\/accrodjazz.fr\/WordPress3\/wp-content\/uploads\/2024\/03\/IMG_0036-copy.jpeg 1000w, http:\/\/accrodjazz.fr\/WordPress3\/wp-content\/uploads\/2024\/03\/IMG_0036-copy-300x204.jpeg 300w, http:\/\/accrodjazz.fr\/WordPress3\/wp-content\/uploads\/2024\/03\/IMG_0036-copy-768x522.jpeg 768w\" sizes=\"(max-width: 1000px) 100vw, 1000px\" \/><\/a><\/figure>\n\n\n\n<figure class=\"wp-block-image size-large\"><a href=\"http:\/\/accrodjazz.fr\/WordPress3\/wp-content\/uploads\/2024\/03\/IMG_0015-copy.jpeg\"><img decoding=\"async\" loading=\"lazy\" width=\"1000\" height=\"688\" data-id=\"3805\"  src=\"http:\/\/accrodjazz.fr\/WordPress3\/wp-content\/uploads\/2024\/03\/IMG_0015-copy.jpeg\" alt=\"\" class=\"wp-image-3805\" srcset=\"http:\/\/accrodjazz.fr\/WordPress3\/wp-content\/uploads\/2024\/03\/IMG_0015-copy.jpeg 1000w, http:\/\/accrodjazz.fr\/WordPress3\/wp-content\/uploads\/2024\/03\/IMG_0015-copy-300x206.jpeg 300w, http:\/\/accrodjazz.fr\/WordPress3\/wp-content\/uploads\/2024\/03\/IMG_0015-copy-768x528.jpeg 768w\" sizes=\"(max-width: 1000px) 100vw, 1000px\" \/><\/a><\/figure>\n\n\n\n<figure class=\"wp-block-image size-large\"><a href=\"http:\/\/accrodjazz.fr\/WordPress3\/wp-content\/uploads\/2024\/03\/IMG_0014-copy.jpeg\"><img decoding=\"async\" loading=\"lazy\" width=\"1000\" height=\"749\" data-id=\"3804\"  src=\"http:\/\/accrodjazz.fr\/WordPress3\/wp-content\/uploads\/2024\/03\/IMG_0014-copy.jpeg\" alt=\"\" class=\"wp-image-3804\" srcset=\"http:\/\/accrodjazz.fr\/WordPress3\/wp-content\/uploads\/2024\/03\/IMG_0014-copy.jpeg 1000w, http:\/\/accrodjazz.fr\/WordPress3\/wp-content\/uploads\/2024\/03\/IMG_0014-copy-300x225.jpeg 300w, http:\/\/accrodjazz.fr\/WordPress3\/wp-content\/uploads\/2024\/03\/IMG_0014-copy-768x575.jpeg 768w\" sizes=\"(max-width: 1000px) 100vw, 1000px\" \/><\/a><\/figure>\n\n\n\n<figure class=\"wp-block-image size-large\"><a href=\"http:\/\/accrodjazz.fr\/WordPress3\/wp-content\/uploads\/2024\/03\/IMG_0005-copy.jpeg\"><img decoding=\"async\" loading=\"lazy\" width=\"1000\" height=\"736\" data-id=\"3803\"  src=\"http:\/\/accrodjazz.fr\/WordPress3\/wp-content\/uploads\/2024\/03\/IMG_0005-copy.jpeg\" alt=\"\" class=\"wp-image-3803\" srcset=\"http:\/\/accrodjazz.fr\/WordPress3\/wp-content\/uploads\/2024\/03\/IMG_0005-copy.jpeg 1000w, http:\/\/accrodjazz.fr\/WordPress3\/wp-content\/uploads\/2024\/03\/IMG_0005-copy-300x221.jpeg 300w, http:\/\/accrodjazz.fr\/WordPress3\/wp-content\/uploads\/2024\/03\/IMG_0005-copy-768x565.jpeg 768w\" sizes=\"(max-width: 1000px) 100vw, 1000px\" \/><\/a><\/figure>\n<\/figure>\n<\/div>","protected":false},"excerpt":{"rendered":"<p>Viens t&rsquo;balader, concert donn\u00e9 au th\u00e9\u00e2tre Edmond Rostand en d\u00e9cembre 2023 sous la direction de Marie-Elisabeth Floquet et accompagn\u00e9 au piano par Laurent Epstein et \u00e0 la contrebasse par Michel Costandi. Sketchs \u00e9crits par L\u00e9on, Anne Christine et Robert. Photos prises par Philippe Bouchon.<\/p>\n","protected":false},"author":2,"featured_media":0,"parent":0,"menu_order":0,"comment_status":"closed","ping_status":"closed","template":"","meta":[],"aioseo_notices":[],"_links":{"self":[{"href":"http:\/\/accrodjazz.fr\/WordPress3\/wp-json\/wp\/v2\/pages\/3820"}],"collection":[{"href":"http:\/\/accrodjazz.fr\/WordPress3\/wp-json\/wp\/v2\/pages"}],"about":[{"href":"http:\/\/accrodjazz.fr\/WordPress3\/wp-json\/wp\/v2\/types\/page"}],"author":[{"embeddable":true,"href":"http:\/\/accrodjazz.fr\/WordPress3\/wp-json\/wp\/v2\/users\/2"}],"replies":[{"embeddable":true,"href":"http:\/\/accrodjazz.fr\/WordPress3\/wp-json\/wp\/v2\/comments?post=3820"}],"version-history":[{"count":1,"href":"http:\/\/accrodjazz.fr\/WordPress3\/wp-json\/wp\/v2\/pages\/3820\/revisions"}],"predecessor-version":[{"id":3821,"href":"http:\/\/accrodjazz.fr\/WordPress3\/wp-json\/wp\/v2\/pages\/3820\/revisions\/3821"}],"wp:attachment":[{"href":"http:\/\/accrodjazz.fr\/WordPress3\/wp-json\/wp\/v2\/media?parent=3820"}],"curies":[{"name":"wp","href":"https:\/\/api.w.org\/{rel}","templated":true}]}}