{"id":2140,"date":"2016-05-20T09:25:20","date_gmt":"2016-05-20T07:25:20","guid":{"rendered":"http:\/\/accrodjazz.fr\/WordPress3\/?page_id=2140"},"modified":"2016-10-19T20:08:22","modified_gmt":"2016-10-19T18:08:22","slug":"video-teasing-happy-2016","status":"publish","type":"page","link":"http:\/\/accrodjazz.fr\/WordPress3\/video-teasing-happy-2016\/","title":{"rendered":"Musiques et Video de Happy 2016"},"content":{"rendered":"<div style=\"background-repeat: no-repeat;\"><p>Video et extraits sonores enregistr\u00e9s au Centre Culturel de Rueil-Malmaison (Edmond Rostand) lors du concert du 9 Octobre 2016 (montage Ph.Menard)&#8230; (<a title=\"Photos Happy (Octobre 2016)\" href=\"http:\/\/accrodjazz.fr\/WordPress3\/photos-happy-octobre-2016\/\" target=\"_blank\">voir aussi les photos de la g\u00e9n\u00e9rale et des concerts&#8230;<\/a>)<\/p>\n<div style=\"width: 604px;\" class=\"wp-video\"><!--[if lt IE 9]><script>document.createElement('video');<\/script><![endif]-->\n<video class=\"wp-video-shortcode\" id=\"video-2140-1\" width=\"604\" height=\"340\" preload=\"metadata\" controls=\"controls\"><source type=\"video\/mp4\" src=\"http:\/\/accrodjazz.fr\/WordPress3\/wp-content\/uploads\/2016\/10\/Video-Happy-PhM_IMG_01166Mo.mp4?_=1\" \/><a href=\"http:\/\/accrodjazz.fr\/WordPress3\/wp-content\/uploads\/2016\/10\/Video-Happy-PhM_IMG_01166Mo.mp4\">http:\/\/accrodjazz.fr\/WordPress3\/wp-content\/uploads\/2016\/10\/Video-Happy-PhM_IMG_01166Mo.mp4<\/a><\/video><\/div>\n<p><b>Pour donner votre avis sur ce spectacle, mettez un message sur le <a title=\"Livre d\u2019or\" href=\"http:\/\/accrodjazz.fr\/WordPress3\/livre-dor-2\/\" target=\"_blank\">Livre d&rsquo;Or&#8230;<\/a><br \/>\n<\/b><\/p>\n<p>Er les enregistrements musicaux, pr\u00e9c\u00e9d\u00e9s des textes de transition parl\u00e9:<\/p>\n<p><b>01- Everybody rejoice <\/b>(<span style=\"font-family: Arial;\">Par.&amp;Mus: Luther Vandross; Arr: Hawley Ades<\/span>)<br \/>\n<!--[if lt IE 9]><script>document.createElement('audio');<\/script><![endif]-->\n<audio class=\"wp-audio-shortcode\" id=\"audio-2140-1\" preload=\"none\" style=\"width: 100%;\" controls=\"controls\"><source type=\"audio\/mpeg\" src=\"http:\/\/accrodjazz.fr\/WordPress3\/wp-content\/uploads\/2016\/10\/01-Everybody-rejoice-Happy-CCER-2016-10-09.mp3?_=1\" \/><a href=\"http:\/\/accrodjazz.fr\/WordPress3\/wp-content\/uploads\/2016\/10\/01-Everybody-rejoice-Happy-CCER-2016-10-09.mp3\">http:\/\/accrodjazz.fr\/WordPress3\/wp-content\/uploads\/2016\/10\/01-Everybody-rejoice-Happy-CCER-2016-10-09.mp3<\/a><\/audio><\/p>\n<p><b>02- Happy together <\/b>(<span style=\"font-family: Arial;\">\u00a0Par.&amp;Mus: Pharrell Williams; Arr remix of: M.Brymer &amp; Sheilah Cuffy<\/span>)<br \/>\n<audio class=\"wp-audio-shortcode\" id=\"audio-2140-2\" preload=\"none\" style=\"width: 100%;\" controls=\"controls\"><source type=\"audio\/mpeg\" src=\"http:\/\/accrodjazz.fr\/WordPress3\/wp-content\/uploads\/2016\/10\/02-Happy-together-Happy-CCER-2016-10-09.mp3?_=2\" \/><a href=\"http:\/\/accrodjazz.fr\/WordPress3\/wp-content\/uploads\/2016\/10\/02-Happy-together-Happy-CCER-2016-10-09.mp3\">http:\/\/accrodjazz.fr\/WordPress3\/wp-content\/uploads\/2016\/10\/02-Happy-together-Happy-CCER-2016-10-09.mp3<\/a><\/audio><\/p>\n<p><b>03 &#8211; I sing, you sing <\/b>( Mus.&amp;Par.: Anders Edenroth)<br \/>\n<audio class=\"wp-audio-shortcode\" id=\"audio-2140-3\" preload=\"none\" style=\"width: 100%;\" controls=\"controls\"><source type=\"audio\/mpeg\" src=\"http:\/\/accrodjazz.fr\/WordPress3\/wp-content\/uploads\/2016\/10\/03-I-sing-you-sing-Happy-CCER-2016-10-09.mp3?_=3\" \/><a href=\"http:\/\/accrodjazz.fr\/WordPress3\/wp-content\/uploads\/2016\/10\/03-I-sing-you-sing-Happy-CCER-2016-10-09.mp3\">http:\/\/accrodjazz.fr\/WordPress3\/wp-content\/uploads\/2016\/10\/03-I-sing-you-sing-Happy-CCER-2016-10-09.mp3<\/a><\/audio><\/p>\n<p><b>04 &#8211; California dreaming <\/b>(<span style=\"font-family: Arial;\">Par.&amp;Mus: John Phillips; Arr: Milt Rogers<\/span>)<br \/>\n<audio class=\"wp-audio-shortcode\" id=\"audio-2140-4\" preload=\"none\" style=\"width: 100%;\" controls=\"controls\"><source type=\"audio\/mpeg\" src=\"http:\/\/accrodjazz.fr\/WordPress3\/wp-content\/uploads\/2016\/10\/04-California-dreaming-Happy-CCER-2016-10-09.mp3?_=4\" \/><a href=\"http:\/\/accrodjazz.fr\/WordPress3\/wp-content\/uploads\/2016\/10\/04-California-dreaming-Happy-CCER-2016-10-09.mp3\">http:\/\/accrodjazz.fr\/WordPress3\/wp-content\/uploads\/2016\/10\/04-California-dreaming-Happy-CCER-2016-10-09.mp3<\/a><\/audio><\/p>\n<p><b>05- Hello Good-bye <\/b>(<span style=\"font-family: Arial;\">Par. &amp; Mus. John Lennon &amp; Paul McCartney; Argt: A.Anders &amp; T.Davis<\/span>)<br \/>\n<audio class=\"wp-audio-shortcode\" id=\"audio-2140-5\" preload=\"none\" style=\"width: 100%;\" controls=\"controls\"><source type=\"audio\/mpeg\" src=\"http:\/\/accrodjazz.fr\/WordPress3\/wp-content\/uploads\/2016\/10\/05-Hello-goodbye-Happy-CCER-2016-10-09.mp3?_=5\" \/><a href=\"http:\/\/accrodjazz.fr\/WordPress3\/wp-content\/uploads\/2016\/10\/05-Hello-goodbye-Happy-CCER-2016-10-09.mp3\">http:\/\/accrodjazz.fr\/WordPress3\/wp-content\/uploads\/2016\/10\/05-Hello-goodbye-Happy-CCER-2016-10-09.mp3<\/a><\/audio><\/p>\n<p><b>06 &#8211; Scarborough fair <\/b>(<span style=\"font-family: Arial;\">English Folk Ballad; Arr: Mary Goetze<\/span>)<br \/>\n<audio class=\"wp-audio-shortcode\" id=\"audio-2140-6\" preload=\"none\" style=\"width: 100%;\" controls=\"controls\"><source type=\"audio\/mpeg\" src=\"http:\/\/accrodjazz.fr\/WordPress3\/wp-content\/uploads\/2016\/10\/06-Scarborough-fair-Happy-CCER-2016-10-09.mp3?_=6\" \/><a href=\"http:\/\/accrodjazz.fr\/WordPress3\/wp-content\/uploads\/2016\/10\/06-Scarborough-fair-Happy-CCER-2016-10-09.mp3\">http:\/\/accrodjazz.fr\/WordPress3\/wp-content\/uploads\/2016\/10\/06-Scarborough-fair-Happy-CCER-2016-10-09.mp3<\/a><\/audio><\/p>\n<p><b>07 &#8211; We will rock you! <\/b>(Par.&amp;Mus: Brian May; Arr: M.Brymer)<br \/>\n<audio class=\"wp-audio-shortcode\" id=\"audio-2140-7\" preload=\"none\" style=\"width: 100%;\" controls=\"controls\"><source type=\"audio\/mpeg\" src=\"http:\/\/accrodjazz.fr\/WordPress3\/wp-content\/uploads\/2016\/10\/07-We-will-rock-you-Happy-CCER-2016-10-09.mp3?_=7\" \/><a href=\"http:\/\/accrodjazz.fr\/WordPress3\/wp-content\/uploads\/2016\/10\/07-We-will-rock-you-Happy-CCER-2016-10-09.mp3\">http:\/\/accrodjazz.fr\/WordPress3\/wp-content\/uploads\/2016\/10\/07-We-will-rock-you-Happy-CCER-2016-10-09.mp3<\/a><\/audio><\/p>\n<p><b>08 &#8211; Thank you for the music <\/b>(<span style=\"font-family: Arial;\">Par.&amp;Mus: B.Andersson &amp; Bj Ulvaeus; Arr: Hawley Ades<\/span>)<br \/>\n<audio class=\"wp-audio-shortcode\" id=\"audio-2140-8\" preload=\"none\" style=\"width: 100%;\" controls=\"controls\"><source type=\"audio\/mpeg\" src=\"http:\/\/accrodjazz.fr\/WordPress3\/wp-content\/uploads\/2016\/10\/08-Thank-you-for-the-music-Happy-CCER-2016-10-09.mp3?_=8\" \/><a href=\"http:\/\/accrodjazz.fr\/WordPress3\/wp-content\/uploads\/2016\/10\/08-Thank-you-for-the-music-Happy-CCER-2016-10-09.mp3\">http:\/\/accrodjazz.fr\/WordPress3\/wp-content\/uploads\/2016\/10\/08-Thank-you-for-the-music-Happy-CCER-2016-10-09.mp3<\/a><\/audio><\/p>\n<p><b>09 &#8211; Old time rock&rsquo;n roll <\/b>(<span style=\"font-family: Arial;\">Word &amp; Music by George Jackson and Thomas E.Jones III; Arr: Kirby Shaw<\/span>)<br \/>\n<audio class=\"wp-audio-shortcode\" id=\"audio-2140-9\" preload=\"none\" style=\"width: 100%;\" controls=\"controls\"><source type=\"audio\/mpeg\" src=\"http:\/\/accrodjazz.fr\/WordPress3\/wp-content\/uploads\/2016\/10\/09-Old-time-rockroll-Happy-CCER-2016-10-09.mp3?_=9\" \/><a href=\"http:\/\/accrodjazz.fr\/WordPress3\/wp-content\/uploads\/2016\/10\/09-Old-time-rockroll-Happy-CCER-2016-10-09.mp3\">http:\/\/accrodjazz.fr\/WordPress3\/wp-content\/uploads\/2016\/10\/09-Old-time-rockroll-Happy-CCER-2016-10-09.mp3<\/a><\/audio><\/p>\n<p><b>10 &#8211; Rock around the clock <\/b>(Mus.&amp;Par.: MC.Freedman &amp; J.Knight)<br \/>\n<audio class=\"wp-audio-shortcode\" id=\"audio-2140-10\" preload=\"none\" style=\"width: 100%;\" controls=\"controls\"><source type=\"audio\/mpeg\" src=\"http:\/\/accrodjazz.fr\/WordPress3\/wp-content\/uploads\/2016\/10\/10-Rock-around-the-clock-Happy-CCER-2016-10-09.mp3?_=10\" \/><a href=\"http:\/\/accrodjazz.fr\/WordPress3\/wp-content\/uploads\/2016\/10\/10-Rock-around-the-clock-Happy-CCER-2016-10-09.mp3\">http:\/\/accrodjazz.fr\/WordPress3\/wp-content\/uploads\/2016\/10\/10-Rock-around-the-clock-Happy-CCER-2016-10-09.mp3<\/a><\/audio><\/p>\n<p><b>11 &#8211; Fever <\/b>(Mus. et Par: John Davenport &amp; Eddy Cookey)<br \/>\n<audio class=\"wp-audio-shortcode\" id=\"audio-2140-11\" preload=\"none\" style=\"width: 100%;\" controls=\"controls\"><source type=\"audio\/mpeg\" src=\"http:\/\/accrodjazz.fr\/WordPress3\/wp-content\/uploads\/2016\/10\/11-Fever-Happy-CCER-2016-10-09.mp3?_=11\" \/><a href=\"http:\/\/accrodjazz.fr\/WordPress3\/wp-content\/uploads\/2016\/10\/11-Fever-Happy-CCER-2016-10-09.mp3\">http:\/\/accrodjazz.fr\/WordPress3\/wp-content\/uploads\/2016\/10\/11-Fever-Happy-CCER-2016-10-09.mp3<\/a><\/audio><\/p>\n<p><b>12 &#8211; Halleluia <\/b>(Mus.&amp;Par.:L.Cohen; Arr: BC Turner)<br \/>\n<audio class=\"wp-audio-shortcode\" id=\"audio-2140-12\" preload=\"none\" style=\"width: 100%;\" controls=\"controls\"><source type=\"audio\/mpeg\" src=\"http:\/\/accrodjazz.fr\/WordPress3\/wp-content\/uploads\/2016\/10\/12-Halleluia-Happy-CCER-2016-10-09.mp3?_=12\" \/><a href=\"http:\/\/accrodjazz.fr\/WordPress3\/wp-content\/uploads\/2016\/10\/12-Halleluia-Happy-CCER-2016-10-09.mp3\">http:\/\/accrodjazz.fr\/WordPress3\/wp-content\/uploads\/2016\/10\/12-Halleluia-Happy-CCER-2016-10-09.mp3<\/a><\/audio><\/p>\n<p><b>13 &#8211; Don&rsquo;t go breaking my heart <\/b>(<span style=\"font-family: Arial;\">Par. &amp; Mus. Carte Blanche &amp; Ann Orson; Argt: A.Anders &amp; T.Davis<\/span>)<br \/>\n<audio class=\"wp-audio-shortcode\" id=\"audio-2140-13\" preload=\"none\" style=\"width: 100%;\" controls=\"controls\"><source type=\"audio\/mpeg\" src=\"http:\/\/accrodjazz.fr\/WordPress3\/wp-content\/uploads\/2016\/10\/13-Dont-go-breaking-my-heart-Happy-CCER-2016-10-09.mp3?_=13\" \/><a href=\"http:\/\/accrodjazz.fr\/WordPress3\/wp-content\/uploads\/2016\/10\/13-Dont-go-breaking-my-heart-Happy-CCER-2016-10-09.mp3\">http:\/\/accrodjazz.fr\/WordPress3\/wp-content\/uploads\/2016\/10\/13-Dont-go-breaking-my-heart-Happy-CCER-2016-10-09.mp3<\/a><\/audio><\/p>\n<p><b>14 &#8211; How deep is your love <\/b>(<span style=\"font-family: Arial;\">Par.&amp;Mus: Barry, Maurice &amp; Robin Gibb; Arr: Ch.Hussey<\/span>)<br \/>\n<audio class=\"wp-audio-shortcode\" id=\"audio-2140-14\" preload=\"none\" style=\"width: 100%;\" controls=\"controls\"><source type=\"audio\/mpeg\" src=\"http:\/\/accrodjazz.fr\/WordPress3\/wp-content\/uploads\/2016\/10\/14-How-deep-is-your-love-Happy-CCER-2016-10-09.mp3?_=14\" \/><a href=\"http:\/\/accrodjazz.fr\/WordPress3\/wp-content\/uploads\/2016\/10\/14-How-deep-is-your-love-Happy-CCER-2016-10-09.mp3\">http:\/\/accrodjazz.fr\/WordPress3\/wp-content\/uploads\/2016\/10\/14-How-deep-is-your-love-Happy-CCER-2016-10-09.mp3<\/a><\/audio><\/p>\n<p><b>15 &#8211; Sunny <\/b>(Mus. et Par: Bobby Hebb; Arrgt: Kirby Shaw)<br \/>\n<audio class=\"wp-audio-shortcode\" id=\"audio-2140-15\" preload=\"none\" style=\"width: 100%;\" controls=\"controls\"><source type=\"audio\/mpeg\" src=\"http:\/\/accrodjazz.fr\/WordPress3\/wp-content\/uploads\/2016\/10\/15-Sunny-Happy-CCER-2016-10-09.mp3?_=15\" \/><a href=\"http:\/\/accrodjazz.fr\/WordPress3\/wp-content\/uploads\/2016\/10\/15-Sunny-Happy-CCER-2016-10-09.mp3\">http:\/\/accrodjazz.fr\/WordPress3\/wp-content\/uploads\/2016\/10\/15-Sunny-Happy-CCER-2016-10-09.mp3<\/a><\/audio><\/p>\n<p><b>16 &#8211; Happy <\/b>(<span style=\"font-family: Arial;\">\u00a0Par.&amp;Mus: Pharrell Williams; Arr remix of: M.Brymer &amp; Sheilah Cuffy<\/span>)<br \/>\n<audio class=\"wp-audio-shortcode\" id=\"audio-2140-16\" preload=\"none\" style=\"width: 100%;\" controls=\"controls\"><source type=\"audio\/mpeg\" src=\"http:\/\/accrodjazz.fr\/WordPress3\/wp-content\/uploads\/2016\/10\/16-Happy-Happy-CCER-2016-10-09.mp3?_=16\" \/><a href=\"http:\/\/accrodjazz.fr\/WordPress3\/wp-content\/uploads\/2016\/10\/16-Happy-Happy-CCER-2016-10-09.mp3\">http:\/\/accrodjazz.fr\/WordPress3\/wp-content\/uploads\/2016\/10\/16-Happy-Happy-CCER-2016-10-09.mp3<\/a><\/audio><\/p>\n<p><b>17 &#8211; Bis de Halleluia <\/b>( Mus.&amp;Par.:L.Cohen; Arr: BC Turner)<br \/>\n<audio class=\"wp-audio-shortcode\" id=\"audio-2140-17\" preload=\"none\" style=\"width: 100%;\" controls=\"controls\"><source type=\"audio\/mpeg\" src=\"http:\/\/accrodjazz.fr\/WordPress3\/wp-content\/uploads\/2016\/10\/17-Halleluia-bis-Happy-CCER-2016-10-09.mp3?_=17\" \/><a href=\"http:\/\/accrodjazz.fr\/WordPress3\/wp-content\/uploads\/2016\/10\/17-Halleluia-bis-Happy-CCER-2016-10-09.mp3\">http:\/\/accrodjazz.fr\/WordPress3\/wp-content\/uploads\/2016\/10\/17-Halleluia-bis-Happy-CCER-2016-10-09.mp3<\/a><\/audio><\/p>\n<\/div>","protected":false},"excerpt":{"rendered":"<p>Video et extraits sonores enregistr\u00e9s au Centre Culturel de Rueil-Malmaison (Edmond Rostand) lors du concert du 9 Octobre 2016 (montage Ph.Menard)&#8230; (voir aussi les photos de la g\u00e9n\u00e9rale et des concerts&#8230;) Pour donner votre avis sur ce spectacle, mettez un message sur le Livre d&rsquo;Or&#8230; Er les enregistrements musicaux, pr\u00e9c\u00e9d\u00e9s des textes de transition parl\u00e9: &hellip; <a href=\"http:\/\/accrodjazz.fr\/WordPress3\/video-teasing-happy-2016\/\" class=\"more-link\">Continuer la lecture de <span class=\"screen-reader-text\">Musiques et Video de Happy 2016<\/span> <span class=\"meta-nav\">&rarr;<\/span><\/a><\/p>\n","protected":false},"author":1,"featured_media":0,"parent":0,"menu_order":0,"comment_status":"closed","ping_status":"closed","template":"","meta":[],"aioseo_notices":[],"_links":{"self":[{"href":"http:\/\/accrodjazz.fr\/WordPress3\/wp-json\/wp\/v2\/pages\/2140"}],"collection":[{"href":"http:\/\/accrodjazz.fr\/WordPress3\/wp-json\/wp\/v2\/pages"}],"about":[{"href":"http:\/\/accrodjazz.fr\/WordPress3\/wp-json\/wp\/v2\/types\/page"}],"author":[{"embeddable":true,"href":"http:\/\/accrodjazz.fr\/WordPress3\/wp-json\/wp\/v2\/users\/1"}],"replies":[{"embeddable":true,"href":"http:\/\/accrodjazz.fr\/WordPress3\/wp-json\/wp\/v2\/comments?post=2140"}],"version-history":[{"count":8,"href":"http:\/\/accrodjazz.fr\/WordPress3\/wp-json\/wp\/v2\/pages\/2140\/revisions"}],"predecessor-version":[{"id":2688,"href":"http:\/\/accrodjazz.fr\/WordPress3\/wp-json\/wp\/v2\/pages\/2140\/revisions\/2688"}],"wp:attachment":[{"href":"http:\/\/accrodjazz.fr\/WordPress3\/wp-json\/wp\/v2\/media?parent=2140"}],"curies":[{"name":"wp","href":"https:\/\/api.w.org\/{rel}","templated":true}]}}