{"id":1178,"date":"2014-09-12T19:16:32","date_gmt":"2014-09-12T17:16:32","guid":{"rendered":"http:\/\/accrodjazz.fr\/WordPress3\/?page_id=1178"},"modified":"2025-06-10T16:29:08","modified_gmt":"2025-06-10T14:29:08","slug":"liens","status":"publish","type":"page","link":"http:\/\/accrodjazz.fr\/WordPress3\/liens\/","title":{"rendered":"Liens"},"content":{"rendered":"<div style=\"background-image: url('http:\/\/accrodjazz.fr\/WordPress3\/wp-content\/uploads\/2014\/08\/image-fond-bulles-3.jpg');background-repeat: repeat;\">\n<p><span style=\"text-decoration: underline\"><b>Les amis d&rsquo;Accro d&rsquo;Jazz<\/b><\/span><\/p>\n\n\n\n<p><a href=\"https:\/\/www.helloasso.com\/associations\/octave-92\" target=\"_blank\" rel=\"noopener\" title=\"\">Octave !<\/a><br>Octet vocal suresnois compos\u00e9 essentiellement d&rsquo;anciens Accros. R\u00e9pertoire \u00e9clectique. <\/p>\n\n\n\n<p><a title=\"Les D\u00e9SAX\u00e9s\" href=\"http:\/\/www.lesdesaxes.com\/\" target=\"_blank\" rel=\"noopener\">Les d\u00e9SAX\u00e9s : le groupe de Fred Saumagne (ancien t\u00e9nor d&rsquo;Accro d&rsquo;Jazz) et de 3 autres pro du Saxo. D\u00e9jant\u00e9s !!!<br><\/a>Consulter leur site et pr\u00e9cipitez-vous \u00e0 leurs spectacles<\/p>\n\n\n\n<p><a title=\"Site de Christian Hugues\" href=\"http:\/\/chris.hugues.free.fr\/\" target=\"_blank\" rel=\"noopener\">Site de Christian Hugues (un ancien t\u00e9nor d&rsquo;Accro d&rsquo;Jazz) :<br><\/a>un peu de po\u00e9sie pour ceux et celles qui veulent r\u00eaver sur le web&#8230;<\/p>\n\n\n\n<p><a href=\"https:\/\/www.paulanquez.com\">Site de Paul Anquez, ancien chef de choeur d&rsquo;Accro d&rsquo;Jazz<\/a><br>pour des concerts et des stages<\/p>\n\n\n\n<p><span style=\"text-decoration: underline\"><b>Jazz Choral<\/b><\/span><\/p>\n\n\n\n<p><a title=\"Amal'gamme\" href=\"http:\/\/www.amalgamme.fr\/\" target=\"_blank\" rel=\"noopener\">Amal&rsquo;gamme<\/a>&nbsp;(Eaubonne)<\/p>\n\n\n\n<p><a href=\"http:\/\/www.amalgam.fr\/\" target=\"_blank\" rel=\"noopener\">Amalgam (Paris 13\u00e8me)<\/a><\/p>\n\n\n\n<p><a title=\"WhyNotes\" href=\"http:\/\/whynotes.free.fr\/\" target=\"_blank\" rel=\"noopener\">WhyNotes (Paris)<\/a><\/p>\n\n\n\n<p><a href=\"http:\/\/vocadix.fr\">Les Voca&rsquo;dix<\/a> (Chatou)<\/p>\n\n\n\n<p><span style=\"text-decoration: underline\"><b>Jazz Instrumental<\/b><\/span><\/p>\n\n\n\n<p><a title=\"Bertrand Ravalard\" href=\"https:\/\/bertrandravalard.fr\" target=\"_blank\" rel=\"noopener\">Bertrand Ravalard (pianiste et compositeur)<\/a><\/p>\n\n\n\n<p><a title=\"Laurent Epstein\" href=\"http:\/\/www.laurentepstein.com\/\" target=\"_blank\" rel=\"noopener\">Laurent Epstein (pianiste)<\/a><\/p>\n\n\n\n<p><a title=\"Michel Costandi\" href=\"http:\/\/www.michelcostandi.com\/\" target=\"_blank\" rel=\"noopener\">Michel Costandi (contrebassiste).<\/a><\/p>\n\n\n\n<p><span style=\"text-decoration: underline\"><b>Les r\u00e9f\u00e9rences en Jazz Choral<\/b><\/span><\/p>\n\n\n\n<p><a href=\"https:\/\/voicemessengers.fr\">Les Voice Messengers<\/a> (Paris)<\/p>\n\n\n\n<p><span style=\"text-decoration: underline\"><b>Formations, formateurs, divers<\/b><\/span><\/p>\n\n\n\n<p><a title=\"Jazzchoral\" href=\"http:\/\/jazzchoral.free.fr\/\" target=\"_blank\" rel=\"noopener\">Le Jazz choral en France&nbsp;: groupes, concerts, stages,etc&#8230;<\/a><\/p>\n\n\n\n<p><a href=\"http:\/\/www.choeurenscene.fr\/fr\/\">Choeur en Sc\u00e8ne<\/a> : Une belle compagnie de chanteurs com\u00e9diens professionnels<\/p>\n\n\n\n<p><a title=\"Laurence Saltiel\" href=\"http:\/\/laurence.saltiel.free.fr\/\" target=\"_blank\" rel=\"noopener\">Laurence Saltiel: concerts, p\u00e9dagogie du Jazz vocal,&#8230;<\/a><\/p>\n\n\n\n<p><a title=\"Mairie Rueil-Malmaison\" href=\"https:\/\/www.villederueil.fr\/fr\" target=\"_blank\" rel=\"noopener\">Mairie de Rueil-Malmaison<\/a> (plan de Rueil, info concerts spectacles, autres associations&#8230;)<\/p>\n\n\n\n<p><a href=\"https:\/\/rueilcultureloisirs.com\">Rueil Culture Loisirs<\/a> (2 petits th\u00e9\u00e2tres \u00e0 Rueil : Edmond Rostand et l&rsquo;Ath\u00e9n\u00e9e)<\/p>\n<\/div>","protected":false},"excerpt":{"rendered":"<p>Les amis d&rsquo;Accro d&rsquo;Jazz Octave !Octet vocal suresnois compos\u00e9 essentiellement d&rsquo;anciens Accros. R\u00e9pertoire \u00e9clectique. Les d\u00e9SAX\u00e9s : le groupe de Fred Saumagne (ancien t\u00e9nor d&rsquo;Accro d&rsquo;Jazz) et de 3 autres pro du Saxo. D\u00e9jant\u00e9s !!!Consulter leur site et pr\u00e9cipitez-vous \u00e0 leurs spectacles Site de Christian Hugues (un ancien t\u00e9nor d&rsquo;Accro d&rsquo;Jazz) :un peu de po\u00e9sie &hellip; <a href=\"http:\/\/accrodjazz.fr\/WordPress3\/liens\/\" class=\"more-link\">Continuer la lecture de <span class=\"screen-reader-text\">Liens<\/span> <span class=\"meta-nav\">&rarr;<\/span><\/a><\/p>\n","protected":false},"author":1,"featured_media":0,"parent":0,"menu_order":0,"comment_status":"closed","ping_status":"closed","template":"","meta":[],"aioseo_notices":[],"_links":{"self":[{"href":"http:\/\/accrodjazz.fr\/WordPress3\/wp-json\/wp\/v2\/pages\/1178"}],"collection":[{"href":"http:\/\/accrodjazz.fr\/WordPress3\/wp-json\/wp\/v2\/pages"}],"about":[{"href":"http:\/\/accrodjazz.fr\/WordPress3\/wp-json\/wp\/v2\/types\/page"}],"author":[{"embeddable":true,"href":"http:\/\/accrodjazz.fr\/WordPress3\/wp-json\/wp\/v2\/users\/1"}],"replies":[{"embeddable":true,"href":"http:\/\/accrodjazz.fr\/WordPress3\/wp-json\/wp\/v2\/comments?post=1178"}],"version-history":[{"count":7,"href":"http:\/\/accrodjazz.fr\/WordPress3\/wp-json\/wp\/v2\/pages\/1178\/revisions"}],"predecessor-version":[{"id":3941,"href":"http:\/\/accrodjazz.fr\/WordPress3\/wp-json\/wp\/v2\/pages\/1178\/revisions\/3941"}],"wp:attachment":[{"href":"http:\/\/accrodjazz.fr\/WordPress3\/wp-json\/wp\/v2\/media?parent=1178"}],"curies":[{"name":"wp","href":"https:\/\/api.w.org\/{rel}","templated":true}]}}